{"id":9,"date":"2016-01-21T10:27:53","date_gmt":"2016-01-21T10:27:53","guid":{"rendered":"http:\/\/barcziautosiskola.com\/?page_id=9"},"modified":"2024-04-21T18:03:52","modified_gmt":"2024-04-21T18:03:52","slug":"bemutatkozas","status":"publish","type":"page","link":"https:\/\/barcziautosiskola.com\/?page_id=9","title":{"rendered":"Bemutatkoz\u00e1s"},"content":{"rendered":"<p class=\"western\" lang=\"hu-HU\" align=\"justify\"><span style=\"font-size: medium;\">Szeretettel k\u00f6sz\u00f6nt\u00f6m a <\/span><span style=\"color: #c00000;\"><span style=\"font-size: x-large;\">B\u00e1rczi<\/span><\/span> <span style=\"color: #538135;\"><span style=\"font-size: x-large;\">Aut\u00f3siskola<\/span><\/span><span style=\"font-size: medium;\"> honlapj\u00e1n! <\/span><span style=\"font-size: medium;\"><img loading=\"lazy\" decoding=\"async\" class=\"alignright wp-image-448 \" src=\"http:\/\/barcziautosiskola.com\/wp-content\/uploads\/2016\/01\/20160318_181816-e1460313224988.jpg\" alt=\"20160318_181816\" width=\"298\" height=\"224\"><\/span><\/p>\n<p>B\u00e1rczi L\u00e1szl\u00f3n\u00e9 vagyok, a B\u00e1rczi Oktat\u00e1si \u00e9s Szolg\u00e1ltat\u00f3 Bet\u00e9ti T\u00e1rsas\u00e1g tulajdonos \u00fcgyvezet\u0151je. V\u00e9gzetts\u00e9gemet tekintve pedag\u00f3gus, f\u0151\u00e1ll\u00e1sban \u00e1ltal\u00e1nos iskol\u00e1ban tan\u00edtok, tagint\u00e9zm\u00e9ny vezet\u0151 vagyok.<\/p>\n<p>Bet\u00e9ti t\u00e1rsas\u00e1gunkat 2001-\u00f3ta m\u0171k\u00f6dtetj\u00fck szint\u00e9n pedag\u00f3gus v\u00e9gzetts\u00e9g\u0171 f\u00e9rjemmel k\u00f6z\u00f6sen, aki 1988-\u00f3ta foglalkozik g\u00e9pj\u00e1rm\u0171vezet\u00e9s gyakorlati oktat\u00e1s\u00e1val. Nagy tapasztalattal rendelkezik, a pedag\u00f3giai v\u00e9gzetts\u00e9ge \u00e9s gyakorlata a biztos\u00edt\u00e9k arra, hogy tanul\u00f3ink teljes megel\u00e9ged\u00e9s\u00e9re v\u00e9gzi szakoktat\u00f3i munk\u00e1j\u00e1t.<\/p>\n<p>A fiunk, B\u00e1rczi G\u00e1bor, gyakorlati \u00e9s elm\u00e9leti oktat\u00f3k\u00e9nt dolgozik az aut\u00f3siskol\u00e1nkban, v\u00e9gzetts\u00e9ge szerint okl.g\u00e9p\u00e9szm\u00e9rn\u00f6k, elm\u00e9leti-m\u0171szaki-gyakorlati szakoktat\u00f3.<\/p>\n<p>T\u00f6bb kiv\u00e1l\u00f3 szakoktat\u00f3val \u00e9s oktat\u00f3j\u00e1rm\u0171vel is dolgozunk: Hattinger Tam\u00e1s \/Skoda Octavia 1,8, \u00e9s Hyundai SantaFe automata v\u00e1lt\u00f3s\/, Ruszkai J\u00f3zsef \/Suzuki Ignis\/, Fekete Zolt\u00e1n\/Opel Meriva\/, Koncsol Zolt\u00e1n\/Peugeot 207), P\u00e9ter Imre\/Skoda Fabia\/, Lork\u00f3 Istv\u00e1n\/Volkswagen Passat\/, K\u0151r\u00f6si Tam\u00e1s\/Opel Astra\/ B\u00e1rczi G\u00e1bor \/Seat Leon\/, B\u00e1rczi L\u00e1szl\u00f3\/Opel Corsa\/<\/p>\n<p>A B\u00e1rczi Aut\u00f3siskola 2016-ban alakult, \u00faj k\u00e9pz\u0151szerv Aba\u00fajban \u00e9s Zempl\u00e9nben az \u00fcgyf\u00e9lfogad\u00e1s helye Hidasn\u00e9metiben, \u00e9s Szerencsen van.<\/p>\n<p><span style=\"color: #ff0000;\"><strong>Hidasn\u00e9meti, Szabads\u00e1g \u00fat 2. szerda 12:00-t\u00f3l 16:30 p\u00e9ntek 12:00-t\u00f3l 17:30-ig.<\/strong><\/span><\/p>\n<p><strong>Tel: 0620-575-3654, 0620-9763-345, 0646-452-265 (\u00fcgyf\u00e9lfogad\u00e1si id\u0151ben)<\/strong><\/p>\n<p><span style=\"color: #808000;\"><strong>Szerencs, Kossuth t\u00e9r 4. h\u00e9tf\u0151, szerda, cs\u00fct\u00f6rt\u00f6k 10:00-t\u00f3l 15:00-ig<\/strong><\/span><\/p>\n<p><strong>Tel: 0630-413-1873<\/strong><\/p>\n<p>Igyeksz\u00fcnk minden hozz\u00e1nk bizalommal fordul\u00f3 tanul\u00f3 ig\u00e9nyeinek maxim\u00e1lisan megfelelni. A tanul\u00f3k egy\u00e9ni ig\u00e9nyekkel, k\u00e9r\u00e9sekkel is fordulhatnak hozz\u00e1nk, a jogszab\u00e1ly adta kereteken bel\u00fcl minden probl\u00e9m\u00e1ra tal\u00e1lunk megold\u00e1st.<\/p>\n<p>V\u00e1llalunk automata v\u00e1lt\u00f3s szem\u00e9lyg\u00e9pkocsival is oktat\u00e1st \u00e9s vizsg\u00e1t.<\/p>\n<p>A jelentkez\u0151k v\u00e1laszthatnak a tantermi elm\u00e9leti k\u00e9pz\u00e9s, \u00e9s a t\u00e1voktat\u00e1s (e-learning) k\u00f6z\u00fcl. Az e-learning k\u00e9pz\u00e9s mell\u00e9 szem\u00e9lyes konzult\u00e1ci\u00f3s lehet\u0151s\u00e9get biztos\u00edtunk, ahol a tanul\u00f3k k\u00e9rd\u00e9seket tehetnek fel, seg\u00edt\u00fcnk a tananyag meg\u00e9rt\u00e9s\u00e9ben.<\/p>\n<p>A gyakorlati k\u00e9pz\u00e9s S\u00e1toralja\u00fajhelyben vagy Miskolcon is t\u00f6rt\u00e9nhet, szint\u00e9n a tanul\u00f3k v\u00e1laszt\u00e1sa szerint. A forgalmi vizsg\u00e1ztat\u00e1s szint\u00e9n S\u00e1toralja\u00fajhelyben vagy Miskolcon t\u00f6rt\u00e9nik.<\/p>\n<p>Az AM, A2, A kateg\u00f3ri\u00e1s motorker\u00e9kp\u00e1r-vezet\u0151 k\u00e9pz\u00e9st gyakorlati oktat\u00e1st \u00e9s a vizsg\u00e1ztat\u00e1st kiz\u00e1r\u00f3lag S\u00e1toralja\u00fajhelyben v\u00e9gezz\u00fck.<\/p>\n<p>Megszervezz\u00fck az els\u0151seg\u00e9lyny\u00fajt\u00f3-tanfolyamot \u00e9s vizsg\u00e1t.<\/p>\n<p>A hozz\u00e1nk jelentkez\u0151 tanul\u00f3k megtapasztalhatj\u00e1k, hogy a teljes k\u00e9pz\u00e9si folyamat sor\u00e1n szak\u00e9rtelem, t\u00fcrelem \u00e9s tolerancia veszi \u0151ket k\u00f6rbe, az oktat\u00e1s pedig kiemelked\u0151en magas sz\u00ednvonal\u00fa.<\/p>\n<p>Lehet\u0151s\u00e9get biztos\u00edtunk jogos\u00edtv\u00e1nnyal rendelkez\u0151 tanul\u00f3k r\u00e9sz\u00e9re gyakorl\u00f3 vezet\u00e9sre B-kateg\u00f3ri\u00e1ban. Ebben az esetben a vezet\u00e9si gyakorlatok helysz\u00edn\u00e9t el\u0151zetes egyeztet\u00e9s alapj\u00e1n az \u00e9rdekl\u0151d\u0151k ig\u00e9nye szerint hat\u00e1rozhatjuk meg.<\/p>\n<p>Szeretettel v\u00e1rjuk a hozz\u00e1nk bizalommal fordul\u00f3 jelentkez\u0151ket!<\/p>\n<p>&nbsp;<\/p>\n<p><span style=\"font-size: x-large; color: #ff0000;\">Eredm\u00e9nyes felk\u00e9sz\u00fcl\u00e9st \u00e9s balesetmentes k\u00f6zleked\u00e9st k\u00edv\u00e1nunk!<\/span><\/p>\n<p class=\"western\" lang=\"hu-HU\" align=\"justify\"><span style=\"font-size: large;\">&nbsp;&nbsp;&nbsp;&nbsp;&nbsp;&nbsp;&nbsp;&nbsp;&nbsp;&nbsp;&nbsp;&nbsp;&nbsp;&nbsp;&nbsp; <\/span><\/p>\n<p class=\"western\" lang=\"hu-HU\" style=\"text-align: left;\"><span style=\"font-size: large;\"><img loading=\"lazy\" decoding=\"async\" class=\"size-medium wp-image-603 alignright\" src=\"http:\/\/barcziautosiskola.com\/wp-content\/uploads\/2016\/01\/irenke_laci_foto-300x220.png\" alt=\"irenke_laci_foto\" width=\"300\" height=\"220\" srcset=\"https:\/\/barcziautosiskola.com\/wp-content\/uploads\/2016\/01\/irenke_laci_foto-300x220.png 300w, https:\/\/barcziautosiskola.com\/wp-content\/uploads\/2016\/01\/irenke_laci_foto.png 387w\" sizes=\"auto, (max-width: 300px) 100vw, 300px\" \/>&nbsp;&nbsp;&nbsp;&nbsp;&nbsp;&nbsp;&nbsp;&nbsp;&nbsp;&nbsp;&nbsp;&nbsp;&nbsp; B\u00e1rczi L\u00e1szl\u00f3n\u00e9 ,&nbsp; <span style=\"font-size: medium;\">\u00fcgyvezet\u0151<\/span>&nbsp;&nbsp;&nbsp;&nbsp;&nbsp;&nbsp;&nbsp;&nbsp;&nbsp;&nbsp;&nbsp;&nbsp;&nbsp;&nbsp;&nbsp;&nbsp;&nbsp;&nbsp;&nbsp;&nbsp;&nbsp;&nbsp;&nbsp;&nbsp;&nbsp;&nbsp; B\u00e1rczi L\u00e1szl\u00f3,<\/span><span style=\"font-size: medium;\">&nbsp;&nbsp; iskolavezet\u0151<\/span><\/p>\n<p class=\"western\" lang=\"hu-HU\">\n","protected":false},"excerpt":{"rendered":"<p>Szeretettel k\u00f6sz\u00f6nt\u00f6m a B\u00e1rczi Aut\u00f3siskola honlapj\u00e1n! B\u00e1rczi L\u00e1szl\u00f3n\u00e9 vagyok, a B\u00e1rczi Oktat\u00e1si \u00e9s Szolg\u00e1ltat\u00f3 Bet\u00e9ti T\u00e1rsas\u00e1g tulajdonos \u00fcgyvezet\u0151je. V\u00e9gzetts\u00e9gemet tekintve pedag\u00f3gus, f\u0151\u00e1ll\u00e1sban \u00e1ltal\u00e1nos iskol\u00e1ban tan\u00edtok, tagint\u00e9zm\u00e9ny vezet\u0151 vagyok. Bet\u00e9ti t\u00e1rsas\u00e1gunkat 2001-\u00f3ta m\u0171k\u00f6dtetj\u00fck szint\u00e9n pedag\u00f3gus v\u00e9gzetts\u00e9g\u0171 f\u00e9rjemmel k\u00f6z\u00f6sen, aki 1988-\u00f3ta foglalkozik g\u00e9pj\u00e1rm\u0171vezet\u00e9s gyakorlati oktat\u00e1s\u00e1val. Nagy tapasztalattal rendelkezik, a pedag\u00f3giai v\u00e9gzetts\u00e9ge \u00e9s [&hellip;]<\/p>\n","protected":false},"author":1,"featured_media":0,"parent":0,"menu_order":1,"comment_status":"closed","ping_status":"closed","template":"","meta":{"footnotes":""},"class_list":["post-9","page","type-page","status-publish","hentry"],"_links":{"self":[{"href":"https:\/\/barcziautosiskola.com\/index.php?rest_route=\/wp\/v2\/pages\/9","targetHints":{"allow":["GET"]}}],"collection":[{"href":"https:\/\/barcziautosiskola.com\/index.php?rest_route=\/wp\/v2\/pages"}],"about":[{"href":"https:\/\/barcziautosiskola.com\/index.php?rest_route=\/wp\/v2\/types\/page"}],"author":[{"embeddable":true,"href":"https:\/\/barcziautosiskola.com\/index.php?rest_route=\/wp\/v2\/users\/1"}],"replies":[{"embeddable":true,"href":"https:\/\/barcziautosiskola.com\/index.php?rest_route=%2Fwp%2Fv2%2Fcomments&post=9"}],"version-history":[{"count":38,"href":"https:\/\/barcziautosiskola.com\/index.php?rest_route=\/wp\/v2\/pages\/9\/revisions"}],"predecessor-version":[{"id":1030,"href":"https:\/\/barcziautosiskola.com\/index.php?rest_route=\/wp\/v2\/pages\/9\/revisions\/1030"}],"wp:attachment":[{"href":"https:\/\/barcziautosiskola.com\/index.php?rest_route=%2Fwp%2Fv2%2Fmedia&parent=9"}],"curies":[{"name":"wp","href":"https:\/\/api.w.org\/{rel}","templated":true}]}}