{"id":828,"date":"2022-10-20T22:23:44","date_gmt":"2022-10-20T22:23:44","guid":{"rendered":"http:\/\/barcziautosiskola.com\/?page_id=828"},"modified":"2025-05-18T19:23:24","modified_gmt":"2025-05-18T19:23:24","slug":"europa-terv","status":"publish","type":"page","link":"https:\/\/barcziautosiskola.com\/","title":{"rendered":"B\u00e1rczi aut\u00f3siskola &#8211; kateg\u00f3ri\u00e1s k\u00e9pz\u00e9s &#8211; e-learning"},"content":{"rendered":"<p><img loading=\"lazy\" decoding=\"async\" class=\"aligncenter wp-image-836\" src=\"http:\/\/barcziautosiskola.com\/wp-content\/uploads\/2022\/10\/fejl\u00e9c-Sz\u00e9chenyi-2020-europa-terv.jpg\" alt=\"fejl\u00e9c-Sz\u00e9chenyi-2020-europa-terv\" width=\"541\" height=\"85\" srcset=\"https:\/\/barcziautosiskola.com\/wp-content\/uploads\/2022\/10\/fejl\u00e9c-Sz\u00e9chenyi-2020-europa-terv.jpg 958w, https:\/\/barcziautosiskola.com\/wp-content\/uploads\/2022\/10\/fejl\u00e9c-Sz\u00e9chenyi-2020-europa-terv-300x47.jpg 300w, https:\/\/barcziautosiskola.com\/wp-content\/uploads\/2022\/10\/fejl\u00e9c-Sz\u00e9chenyi-2020-europa-terv-768x121.jpg 768w\" sizes=\"auto, (max-width: 541px) 100vw, 541px\" \/><\/p>\n<p><img loading=\"lazy\" decoding=\"async\" class=\"wp-image-881 alignright\" src=\"http:\/\/barcziautosiskola.com\/wp-content\/uploads\/2023\/05\/Logo-Szechenyi-20230504.jpg\" alt=\"Logo -Szechenyi-20230504\" width=\"354\" height=\"245\" srcset=\"https:\/\/barcziautosiskola.com\/wp-content\/uploads\/2023\/05\/Logo-Szechenyi-20230504.jpg 1453w, https:\/\/barcziautosiskola.com\/wp-content\/uploads\/2023\/05\/Logo-Szechenyi-20230504-300x207.jpg 300w, https:\/\/barcziautosiskola.com\/wp-content\/uploads\/2023\/05\/Logo-Szechenyi-20230504-768x531.jpg 768w, https:\/\/barcziautosiskola.com\/wp-content\/uploads\/2023\/05\/Logo-Szechenyi-20230504-1024x708.jpg 1024w\" sizes=\"auto, (max-width: 354px) 100vw, 354px\" \/><\/p>\n<div><\/div>\n<div><\/div>\n<div><\/div>\n<div><\/div>\n<div><\/div>\n<div><\/div>\n<div><\/div>\n<div><\/div>\n<div><\/div>\n<div>Projekt adatok:<\/div>\n<ul style=\"list-style-type: disc;\">\n<li>a kedvezm\u00e9nyezett neve: B\u00c1RCZI Oktat\u00e1si \u00e9s Szolg\u00e1ltat\u00f3 Bet\u00e9ti T\u00e1rsas\u00e1g<\/li>\n<li>a projekt c\u00edme: &#8222;Versenyk\u00e9pess\u00e9g n\u00f6vel\u00e9se a B\u00c1RCZI BT-n\u00e9l<\/li>\n<li>a szerz\u0151d\u00f6tt t\u00e1mogat\u00e1s \u00f6sszege: 9 828 210 Ft<\/li>\n<li>a t\u00e1mogat\u00e1s m\u00e9rt\u00e9ke (%)-ban: 70%<\/li>\n<li>a projekt tartalm\u00e1nak bemutat\u00e1sa: A projekt keret\u00e9n bel\u00fcl beszerzett eszk\u00f6z\u00f6k t\u00edpusa, mennyis\u00e9ge az al\u00e1bbi: 1 db EPSON projektor, 10 db DELL inspiron-3501 laptop, 1 db Ediser Barracuda Type2 vezet\u00e9stechnikai szimul\u00e1tor, 1 db EPSON L6170 nyomtat\u00f3<\/li>\n<li>a projekt befejez\u00e9si d\u00e1tuma: 2023.07.15.<\/li>\n<li>a projekt azonos\u00edt\u00f3 sz\u00e1ma: GINOP_1,2,9-20-2021-05665<\/li>\n<\/ul>\n","protected":false},"excerpt":{"rendered":"<p>Projekt adatok: a kedvezm\u00e9nyezett neve: B\u00c1RCZI Oktat\u00e1si \u00e9s Szolg\u00e1ltat\u00f3 Bet\u00e9ti T\u00e1rsas\u00e1g a projekt c\u00edme: &#8222;Versenyk\u00e9pess\u00e9g n\u00f6vel\u00e9se a B\u00c1RCZI BT-n\u00e9l a szerz\u0151d\u00f6tt t\u00e1mogat\u00e1s \u00f6sszege: 9 828 210 Ft a t\u00e1mogat\u00e1s m\u00e9rt\u00e9ke (%)-ban: 70% a projekt tartalm\u00e1nak bemutat\u00e1sa: A projekt keret\u00e9n bel\u00fcl beszerzett eszk\u00f6z\u00f6k t\u00edpusa, mennyis\u00e9ge az al\u00e1bbi: 1 db EPSON projektor, [&hellip;]<\/p>\n","protected":false},"author":1,"featured_media":0,"parent":0,"menu_order":0,"comment_status":"closed","ping_status":"closed","template":"","meta":{"footnotes":""},"class_list":["post-828","page","type-page","status-publish","hentry"],"_links":{"self":[{"href":"https:\/\/barcziautosiskola.com\/index.php?rest_route=\/wp\/v2\/pages\/828","targetHints":{"allow":["GET"]}}],"collection":[{"href":"https:\/\/barcziautosiskola.com\/index.php?rest_route=\/wp\/v2\/pages"}],"about":[{"href":"https:\/\/barcziautosiskola.com\/index.php?rest_route=\/wp\/v2\/types\/page"}],"author":[{"embeddable":true,"href":"https:\/\/barcziautosiskola.com\/index.php?rest_route=\/wp\/v2\/users\/1"}],"replies":[{"embeddable":true,"href":"https:\/\/barcziautosiskola.com\/index.php?rest_route=%2Fwp%2Fv2%2Fcomments&post=828"}],"version-history":[{"count":42,"href":"https:\/\/barcziautosiskola.com\/index.php?rest_route=\/wp\/v2\/pages\/828\/revisions"}],"predecessor-version":[{"id":1008,"href":"https:\/\/barcziautosiskola.com\/index.php?rest_route=\/wp\/v2\/pages\/828\/revisions\/1008"}],"wp:attachment":[{"href":"https:\/\/barcziautosiskola.com\/index.php?rest_route=%2Fwp%2Fv2%2Fmedia&parent=828"}],"curies":[{"name":"wp","href":"https:\/\/api.w.org\/{rel}","templated":true}]}}