{"id":658,"date":"2019-12-17T12:00:34","date_gmt":"2019-12-17T12:00:34","guid":{"rendered":"http:\/\/barcziautosiskola.com\/?page_id=658"},"modified":"2025-05-23T08:17:05","modified_gmt":"2025-05-23T06:17:05","slug":"galeria","status":"publish","type":"page","link":"https:\/\/barcziautosiskola.com\/?page_id=658","title":{"rendered":"Gal\u00e9ria"},"content":{"rendered":"<p>Az AM-kateg\u00f3ri\u00e1s oktat\u00e1s j\u00e1rm\u0171vei<\/p>\n<p><img loading=\"lazy\" decoding=\"async\" class=\"aligncenter size-full wp-image-663\" src=\"http:\/\/barcziautosiskola.com\/wp-content\/uploads\/2019\/12\/received_4653600542132691.jpeg\" alt=\"received_465360054213269(1)\" width=\"2016\" height=\"980\" srcset=\"https:\/\/barcziautosiskola.com\/wp-content\/uploads\/2019\/12\/received_4653600542132691.jpeg 2016w, https:\/\/barcziautosiskola.com\/wp-content\/uploads\/2019\/12\/received_4653600542132691-300x146.jpeg 300w, https:\/\/barcziautosiskola.com\/wp-content\/uploads\/2019\/12\/received_4653600542132691-768x373.jpeg 768w, https:\/\/barcziautosiskola.com\/wp-content\/uploads\/2019\/12\/received_4653600542132691-1024x498.jpeg 1024w\" sizes=\"auto, (max-width: 2016px) 100vw, 2016px\" \/><\/p>\n<\/p>\n<p>Az A-kateg\u00f3ri\u00e1s oktat\u00e1s j\u00e1rm\u0171vei<\/p>\n<p><img loading=\"lazy\" decoding=\"async\" class=\"aligncenter size-full wp-image-662\" src=\"http:\/\/barcziautosiskola.com\/wp-content\/uploads\/2019\/12\/received_327527628171805.jpeg\" alt=\"received_327527628171805\" width=\"2016\" height=\"980\" srcset=\"https:\/\/barcziautosiskola.com\/wp-content\/uploads\/2019\/12\/received_327527628171805.jpeg 2016w, https:\/\/barcziautosiskola.com\/wp-content\/uploads\/2019\/12\/received_327527628171805-300x146.jpeg 300w, https:\/\/barcziautosiskola.com\/wp-content\/uploads\/2019\/12\/received_327527628171805-768x373.jpeg 768w, https:\/\/barcziautosiskola.com\/wp-content\/uploads\/2019\/12\/received_327527628171805-1024x498.jpeg 1024w\" sizes=\"auto, (max-width: 2016px) 100vw, 2016px\" \/><\/p>\n<\/p>\n<p>A Seat Ateca \u00e9s Seat Leon oktat\u00f3j\u00e1rm\u0171<\/p>\n<p><img loading=\"lazy\" decoding=\"async\" class=\"aligncenter size-full wp-image-1022\" src=\"http:\/\/barcziautosiskola.com\/wp-content\/uploads\/2025\/05\/A-Seat-Ateca-es-Seat-Leon-oktatojarmu-500k-scaled.jpg\" alt=\"\" width=\"2560\" height=\"1868\" srcset=\"https:\/\/barcziautosiskola.com\/wp-content\/uploads\/2025\/05\/A-Seat-Ateca-es-Seat-Leon-oktatojarmu-500k-scaled.jpg 2560w, https:\/\/barcziautosiskola.com\/wp-content\/uploads\/2025\/05\/A-Seat-Ateca-es-Seat-Leon-oktatojarmu-500k-300x219.jpg 300w, https:\/\/barcziautosiskola.com\/wp-content\/uploads\/2025\/05\/A-Seat-Ateca-es-Seat-Leon-oktatojarmu-500k-1024x747.jpg 1024w, https:\/\/barcziautosiskola.com\/wp-content\/uploads\/2025\/05\/A-Seat-Ateca-es-Seat-Leon-oktatojarmu-500k-768x561.jpg 768w, https:\/\/barcziautosiskola.com\/wp-content\/uploads\/2025\/05\/A-Seat-Ateca-es-Seat-Leon-oktatojarmu-500k-1536x1121.jpg 1536w, https:\/\/barcziautosiskola.com\/wp-content\/uploads\/2025\/05\/A-Seat-Ateca-es-Seat-Leon-oktatojarmu-500k-2048x1495.jpg 2048w, https:\/\/barcziautosiskola.com\/wp-content\/uploads\/2025\/05\/A-Seat-Ateca-es-Seat-Leon-oktatojarmu-500k-110x80.jpg 110w\" sizes=\"auto, (max-width: 2560px) 100vw, 2560px\" \/><\/p>\n<\/p>\n<p>Az automata v\u00e1lt\u00f3s oktat\u00f3j\u00e1rm\u0171<\/p>\n<p><img loading=\"lazy\" decoding=\"async\" class=\"aligncenter size-full wp-image-1024\" src=\"http:\/\/barcziautosiskola.com\/wp-content\/uploads\/2025\/05\/Az-automata-valtos-oktatojarmu-600k-scaled.jpg\" alt=\"\" width=\"2241\" height=\"2560\" srcset=\"https:\/\/barcziautosiskola.com\/wp-content\/uploads\/2025\/05\/Az-automata-valtos-oktatojarmu-600k-scaled.jpg 2241w, https:\/\/barcziautosiskola.com\/wp-content\/uploads\/2025\/05\/Az-automata-valtos-oktatojarmu-600k-263x300.jpg 263w, https:\/\/barcziautosiskola.com\/wp-content\/uploads\/2025\/05\/Az-automata-valtos-oktatojarmu-600k-897x1024.jpg 897w, https:\/\/barcziautosiskola.com\/wp-content\/uploads\/2025\/05\/Az-automata-valtos-oktatojarmu-600k-768x877.jpg 768w, https:\/\/barcziautosiskola.com\/wp-content\/uploads\/2025\/05\/Az-automata-valtos-oktatojarmu-600k-1345x1536.jpg 1345w, https:\/\/barcziautosiskola.com\/wp-content\/uploads\/2025\/05\/Az-automata-valtos-oktatojarmu-600k-70x80.jpg 70w\" sizes=\"auto, (max-width: 2241px) 100vw, 2241px\" \/><\/p>\n<\/p>\n<p>Hattinger Tam\u00e1s szakoktat\u00f3<\/p>\n<p><img loading=\"lazy\" decoding=\"async\" class=\"aligncenter size-full wp-image-666\" src=\"http:\/\/barcziautosiskola.com\/wp-content\/uploads\/2019\/12\/20191105_144324.jpg\" alt=\"20191105_144324\" width=\"2576\" height=\"2816\" srcset=\"https:\/\/barcziautosiskola.com\/wp-content\/uploads\/2019\/12\/20191105_144324.jpg 2576w, https:\/\/barcziautosiskola.com\/wp-content\/uploads\/2019\/12\/20191105_144324-274x300.jpg 274w, https:\/\/barcziautosiskola.com\/wp-content\/uploads\/2019\/12\/20191105_144324-768x840.jpg 768w, https:\/\/barcziautosiskola.com\/wp-content\/uploads\/2019\/12\/20191105_144324-937x1024.jpg 937w\" sizes=\"auto, (max-width: 2576px) 100vw, 2576px\" \/><\/p>\n\n\n\n\n<p><\/p>\n\n\n\n\n\n<p>\u00a0<\/p>\n<p>B\u00e1rczi G\u00e1bor szakoktat\u00f3<\/p>\n<p><img loading=\"lazy\" decoding=\"async\" class=\"aligncenter size-full wp-image-1025\" src=\"http:\/\/barcziautosiskola.com\/wp-content\/uploads\/2025\/05\/Barczi-Gabor-szakoktato-1M-scaled.jpg\" alt=\"\" width=\"2434\" height=\"2560\" srcset=\"https:\/\/barcziautosiskola.com\/wp-content\/uploads\/2025\/05\/Barczi-Gabor-szakoktato-1M-scaled.jpg 2434w, https:\/\/barcziautosiskola.com\/wp-content\/uploads\/2025\/05\/Barczi-Gabor-szakoktato-1M-285x300.jpg 285w, https:\/\/barcziautosiskola.com\/wp-content\/uploads\/2025\/05\/Barczi-Gabor-szakoktato-1M-973x1024.jpg 973w, https:\/\/barcziautosiskola.com\/wp-content\/uploads\/2025\/05\/Barczi-Gabor-szakoktato-1M-768x808.jpg 768w, https:\/\/barcziautosiskola.com\/wp-content\/uploads\/2025\/05\/Barczi-Gabor-szakoktato-1M-1460x1536.jpg 1460w, https:\/\/barcziautosiskola.com\/wp-content\/uploads\/2025\/05\/Barczi-Gabor-szakoktato-1M-76x80.jpg 76w\" sizes=\"auto, (max-width: 2434px) 100vw, 2434px\" \/><\/p>\n<p>\u00a0<\/p>\n<p>Nov\u00e1k L\u00e1szl\u00f3 szakoktat\u00f3<\/p>\n<p><img loading=\"lazy\" decoding=\"async\" class=\"aligncenter size-full wp-image-1027\" src=\"http:\/\/barcziautosiskola.com\/wp-content\/uploads\/2025\/05\/Novak-Laszlo-szakoktato-1M.jpg\" alt=\"\" width=\"6624\" height=\"7856\" srcset=\"https:\/\/barcziautosiskola.com\/wp-content\/uploads\/2025\/05\/Novak-Laszlo-szakoktato-1M.jpg 6624w, https:\/\/barcziautosiskola.com\/wp-content\/uploads\/2025\/05\/Novak-Laszlo-szakoktato-1M-253x300.jpg 253w, https:\/\/barcziautosiskola.com\/wp-content\/uploads\/2025\/05\/Novak-Laszlo-szakoktato-1M-863x1024.jpg 863w, https:\/\/barcziautosiskola.com\/wp-content\/uploads\/2025\/05\/Novak-Laszlo-szakoktato-1M-768x911.jpg 768w, https:\/\/barcziautosiskola.com\/wp-content\/uploads\/2025\/05\/Novak-Laszlo-szakoktato-1M-67x80.jpg 67w\" sizes=\"auto, (max-width: 6624px) 100vw, 6624px\" \/><\/p>\n<p>\u00a0<\/p>\n<p>K\u0151r\u00f6si Tam\u00e1s szakoktat\u00f3<\/p>\n<p><img loading=\"lazy\" decoding=\"async\" class=\"aligncenter size-full wp-image-1032\" src=\"http:\/\/barcziautosiskola.com\/wp-content\/uploads\/2025\/05\/Korosi-Tamas-szakoktato-2M.jpg\" alt=\"\" width=\"6936\" height=\"9248\" srcset=\"https:\/\/barcziautosiskola.com\/wp-content\/uploads\/2025\/05\/Korosi-Tamas-szakoktato-2M.jpg 6936w, https:\/\/barcziautosiskola.com\/wp-content\/uploads\/2025\/05\/Korosi-Tamas-szakoktato-2M-225x300.jpg 225w, https:\/\/barcziautosiskola.com\/wp-content\/uploads\/2025\/05\/Korosi-Tamas-szakoktato-2M-768x1024.jpg 768w, https:\/\/barcziautosiskola.com\/wp-content\/uploads\/2025\/05\/Korosi-Tamas-szakoktato-2M-60x80.jpg 60w\" sizes=\"auto, (max-width: 6936px) 100vw, 6936px\" \/><\/p>\n<p>\u00a0<\/p>\n<p>B\u00e1rczi L\u00e1szl\u00f3 szakoktat\u00f3, iskolavezet\u0151<\/p>\n<p><img loading=\"lazy\" decoding=\"async\" class=\"aligncenter size-full wp-image-1026\" src=\"http:\/\/barcziautosiskola.com\/wp-content\/uploads\/2025\/05\/Barczi-Laszlo-szakoktato-iskolavezeto-1M-scaled.jpg\" alt=\"\" width=\"2560\" height=\"2294\" srcset=\"https:\/\/barcziautosiskola.com\/wp-content\/uploads\/2025\/05\/Barczi-Laszlo-szakoktato-iskolavezeto-1M-scaled.jpg 2560w, https:\/\/barcziautosiskola.com\/wp-content\/uploads\/2025\/05\/Barczi-Laszlo-szakoktato-iskolavezeto-1M-300x269.jpg 300w, https:\/\/barcziautosiskola.com\/wp-content\/uploads\/2025\/05\/Barczi-Laszlo-szakoktato-iskolavezeto-1M-1024x917.jpg 1024w, https:\/\/barcziautosiskola.com\/wp-content\/uploads\/2025\/05\/Barczi-Laszlo-szakoktato-iskolavezeto-1M-768x688.jpg 768w, https:\/\/barcziautosiskola.com\/wp-content\/uploads\/2025\/05\/Barczi-Laszlo-szakoktato-iskolavezeto-1M-1536x1376.jpg 1536w, https:\/\/barcziautosiskola.com\/wp-content\/uploads\/2025\/05\/Barczi-Laszlo-szakoktato-iskolavezeto-1M-89x80.jpg 89w\" sizes=\"auto, (max-width: 2560px) 100vw, 2560px\" \/><\/p>\n\n\n\n<p>\u00a0<\/p>\n<p>A vezet\u00e9stechnikai szimul\u00e1torunk<\/p>\n<p><img loading=\"lazy\" decoding=\"async\" class=\"aligncenter size-full wp-image-1023\" src=\"http:\/\/barcziautosiskola.com\/wp-content\/uploads\/2025\/05\/A-vezetestechnikai-szimulatorunk-1M.jpg\" alt=\"\" width=\"6936\" height=\"9248\" srcset=\"https:\/\/barcziautosiskola.com\/wp-content\/uploads\/2025\/05\/A-vezetestechnikai-szimulatorunk-1M.jpg 6936w, https:\/\/barcziautosiskola.com\/wp-content\/uploads\/2025\/05\/A-vezetestechnikai-szimulatorunk-1M-225x300.jpg 225w, https:\/\/barcziautosiskola.com\/wp-content\/uploads\/2025\/05\/A-vezetestechnikai-szimulatorunk-1M-768x1024.jpg 768w, https:\/\/barcziautosiskola.com\/wp-content\/uploads\/2025\/05\/A-vezetestechnikai-szimulatorunk-1M-60x80.jpg 60w\" sizes=\"auto, (max-width: 6936px) 100vw, 6936px\" \/><\/p>\n","protected":false},"excerpt":{"rendered":"<p>Az AM-kateg\u00f3ri\u00e1s oktat\u00e1s j\u00e1rm\u0171vei Az A-kateg\u00f3ri\u00e1s oktat\u00e1s j\u00e1rm\u0171vei A Seat Ateca \u00e9s Seat Leon oktat\u00f3j\u00e1rm\u0171 Az automata v\u00e1lt\u00f3s oktat\u00f3j\u00e1rm\u0171 Hattinger Tam\u00e1s szakoktat\u00f3 \u00a0 B\u00e1rczi G\u00e1bor szakoktat\u00f3 \u00a0 Nov\u00e1k L\u00e1szl\u00f3 szakoktat\u00f3 \u00a0 K\u0151r\u00f6si Tam\u00e1s szakoktat\u00f3 \u00a0 B\u00e1rczi L\u00e1szl\u00f3 szakoktat\u00f3, iskolavezet\u0151 \u00a0 A vezet\u00e9stechnikai szimul\u00e1torunk<\/p>\n","protected":false},"author":1,"featured_media":0,"parent":0,"menu_order":0,"comment_status":"closed","ping_status":"closed","template":"","meta":{"footnotes":""},"class_list":["post-658","page","type-page","status-publish","hentry"],"_links":{"self":[{"href":"https:\/\/barcziautosiskola.com\/index.php?rest_route=\/wp\/v2\/pages\/658","targetHints":{"allow":["GET"]}}],"collection":[{"href":"https:\/\/barcziautosiskola.com\/index.php?rest_route=\/wp\/v2\/pages"}],"about":[{"href":"https:\/\/barcziautosiskola.com\/index.php?rest_route=\/wp\/v2\/types\/page"}],"author":[{"embeddable":true,"href":"https:\/\/barcziautosiskola.com\/index.php?rest_route=\/wp\/v2\/users\/1"}],"replies":[{"embeddable":true,"href":"https:\/\/barcziautosiskola.com\/index.php?rest_route=%2Fwp%2Fv2%2Fcomments&post=658"}],"version-history":[{"count":8,"href":"https:\/\/barcziautosiskola.com\/index.php?rest_route=\/wp\/v2\/pages\/658\/revisions"}],"predecessor-version":[{"id":1033,"href":"https:\/\/barcziautosiskola.com\/index.php?rest_route=\/wp\/v2\/pages\/658\/revisions\/1033"}],"wp:attachment":[{"href":"https:\/\/barcziautosiskola.com\/index.php?rest_route=%2Fwp%2Fv2%2Fmedia&parent=658"}],"curies":[{"name":"wp","href":"https:\/\/api.w.org\/{rel}","templated":true}]}}