{"id":39,"date":"2016-01-21T10:51:39","date_gmt":"2016-01-21T10:51:39","guid":{"rendered":"http:\/\/barcziautosiskola.com\/?page_id=39"},"modified":"2024-04-21T18:08:02","modified_gmt":"2024-04-21T18:08:02","slug":"vallakozasi-feltetelek","status":"publish","type":"page","link":"https:\/\/barcziautosiskola.com\/?page_id=39","title":{"rendered":"Tanul\u00f3i t\u00e1jekoztat\u00f3 \u00e9s v\u00e1llal\u00e1si felt\u00e9telek"},"content":{"rendered":"<p style=\"text-align: left;\"><span style=\"text-decoration: underline; color: #666699;\"><strong><a class=\"row-title\" style=\"color: #666699; text-decoration: underline;\" title=\"\u201cTanul\u00f3i t\u00e1jekoztat\u00f3 \u00e9s v\u00e1llal\u00e1si felt\u00e9telek \u201cA\u201d-kateg\u00f3ria\u201d szerkeszt\u00e9se\" href=\"http:\/\/barcziautosiskola.com\/?page_id=267\"><br \/>\n<img loading=\"lazy\" decoding=\"async\" class=\"wp-image-371 alignleft\" src=\"http:\/\/barcziautosiskola.com\/wp-content\/uploads\/2016\/01\/sanantoniodrivingschool1334195440_std.329184010_std.jpg\" alt=\"sanantoniodrivingschool1334195440_std.329184010_std\" width=\"252\" height=\"137\" srcset=\"https:\/\/barcziautosiskola.com\/wp-content\/uploads\/2016\/01\/sanantoniodrivingschool1334195440_std.329184010_std.jpg 375w, https:\/\/barcziautosiskola.com\/wp-content\/uploads\/2016\/01\/sanantoniodrivingschool1334195440_std.329184010_std-300x163.jpg 300w\" sizes=\"auto, (max-width: 252px) 100vw, 252px\" \/>Tanul\u00f3i t\u00e1jekoztat\u00f3 \u00e9s v\u00e1llal\u00e1si felt\u00e9telek \u201cAM\u201d-kateg\u00f3ria<\/a><\/strong><\/span><\/p>\n<p style=\"text-align: left;\"><span style=\"text-decoration: underline; color: #666699;\"><strong><a class=\"row-title\" style=\"color: #666699; text-decoration: underline;\" title=\"\u201cTanul\u00f3i t\u00e1jekoztat\u00f3 \u00e9s v\u00e1llal\u00e1si felt\u00e9telek \u201cA\u201d-kateg\u00f3ria\u201d szerkeszt\u00e9se\" href=\"http:\/\/barcziautosiskola.com\/?page_id=269\">Tanul\u00f3i t\u00e1jekoztat\u00f3 \u00e9s v\u00e1llal\u00e1si felt\u00e9telek \u201cA2\u201d-kateg\u00f3ria<\/a><\/strong><\/span><\/p>\n<p style=\"text-align: left;\"><span style=\"text-decoration: underline; color: #666699;\"><strong><a class=\"row-title\" style=\"color: #666699; text-decoration: underline;\" title=\"\u201cTanul\u00f3i t\u00e1jekoztat\u00f3 \u00e9s v\u00e1llal\u00e1si felt\u00e9telek \u201cA\u201d-kateg\u00f3ria\u201d szerkeszt\u00e9se\" href=\"http:\/\/barcziautosiskola.com\/?page_id=263\">Tanul\u00f3i t\u00e1jekoztat\u00f3 \u00e9s v\u00e1llal\u00e1si felt\u00e9telek \u201cA\u201d-kateg\u00f3ria<\/a><\/strong><\/span><\/p>\n<p style=\"text-align: left;\"><span style=\"text-decoration: underline; color: #666699;\"><strong><a class=\"row-title\" style=\"color: #666699; text-decoration: underline;\" title=\"\u201cTanul\u00f3i t\u00e1jekoztat\u00f3 \u00e9s v\u00e1llal\u00e1si felt\u00e9telek \u201cA\u201d-kateg\u00f3ria\u201d szerkeszt\u00e9se\" href=\"http:\/\/barcziautosiskola.com\/?page_id=265\">Tanul\u00f3i t\u00e1jekoztat\u00f3 \u00e9s v\u00e1llal\u00e1si felt\u00e9telek \u201cB\u201d-kateg\u00f3ria<\/a><\/strong><\/span><\/p>\n","protected":false},"excerpt":{"rendered":"<p>Tanul\u00f3i t\u00e1jekoztat\u00f3 \u00e9s v\u00e1llal\u00e1si felt\u00e9telek \u201cAM\u201d-kateg\u00f3ria Tanul\u00f3i t\u00e1jekoztat\u00f3 \u00e9s v\u00e1llal\u00e1si felt\u00e9telek \u201cA2\u201d-kateg\u00f3ria Tanul\u00f3i t\u00e1jekoztat\u00f3 \u00e9s v\u00e1llal\u00e1si felt\u00e9telek \u201cA\u201d-kateg\u00f3ria Tanul\u00f3i t\u00e1jekoztat\u00f3 \u00e9s v\u00e1llal\u00e1si felt\u00e9telek \u201cB\u201d-kateg\u00f3ria<\/p>\n","protected":false},"author":1,"featured_media":0,"parent":0,"menu_order":2,"comment_status":"closed","ping_status":"closed","template":"","meta":{"footnotes":""},"class_list":["post-39","page","type-page","status-publish","hentry"],"_links":{"self":[{"href":"https:\/\/barcziautosiskola.com\/index.php?rest_route=\/wp\/v2\/pages\/39","targetHints":{"allow":["GET"]}}],"collection":[{"href":"https:\/\/barcziautosiskola.com\/index.php?rest_route=\/wp\/v2\/pages"}],"about":[{"href":"https:\/\/barcziautosiskola.com\/index.php?rest_route=\/wp\/v2\/types\/page"}],"author":[{"embeddable":true,"href":"https:\/\/barcziautosiskola.com\/index.php?rest_route=\/wp\/v2\/users\/1"}],"replies":[{"embeddable":true,"href":"https:\/\/barcziautosiskola.com\/index.php?rest_route=%2Fwp%2Fv2%2Fcomments&post=39"}],"version-history":[{"count":10,"href":"https:\/\/barcziautosiskola.com\/index.php?rest_route=\/wp\/v2\/pages\/39\/revisions"}],"predecessor-version":[{"id":947,"href":"https:\/\/barcziautosiskola.com\/index.php?rest_route=\/wp\/v2\/pages\/39\/revisions\/947"}],"wp:attachment":[{"href":"https:\/\/barcziautosiskola.com\/index.php?rest_route=%2Fwp%2Fv2%2Fmedia&parent=39"}],"curies":[{"name":"wp","href":"https:\/\/api.w.org\/{rel}","templated":true}]}}