{"id":33,"date":"2016-01-21T10:37:48","date_gmt":"2016-01-21T10:37:48","guid":{"rendered":"http:\/\/barcziautosiskola.com\/?page_id=33"},"modified":"2025-05-22T09:27:37","modified_gmt":"2025-05-22T09:27:37","slug":"miert-valasszon-minket","status":"publish","type":"page","link":"https:\/\/barcziautosiskola.com\/?page_id=33","title":{"rendered":"Mi\u00e9rt minket v\u00e1lasszon?"},"content":{"rendered":"<h6 class=\"bbcode_code\" style=\"text-align: center;\"><span style=\"color: #ff0000;\"><span style=\"font-size: large;\"><b>Mi\u00e9rt minket v\u00e1lasszon? \u00a0 \u00a0<\/b><\/span><\/span><span style=\"color: #538135;\">\u201e\u2026<span style=\"font-size: medium;\">az\u00e9rt, hogy c\u00e9lba \u00e9rjen!\u201d<\/span><\/span><\/h6>\n<ul>\n<li>\n<p lang=\"hu-HU\"><span style=\"font-size: medium;\">Garant\u00e1ljuk a t\u00fcrelmes oktat\u00e1st, nyugodt l\u00e9gk\u00f6rt<img loading=\"lazy\" decoding=\"async\" class=\"wp-image-91 alignright\" src=\"http:\/\/barcziautosiskola.com\/wp-content\/uploads\/2016\/01\/boldog_autos_karikatura.jpg\" alt=\"boldog_autos_karikatura\" width=\"230\" height=\"134\" \/><\/span><\/p>\n<\/li>\n<li>\n<p lang=\"hu-HU\"><span style=\"font-size: medium;\">A foglalkoz\u00e1sok id\u0151pontj\u00e1t a tanul\u00f3k szabadidej\u00e9hez igaz\u00edtjuk<\/span><\/p>\n<\/li>\n<li>\n<p lang=\"hu-HU\"><span style=\"font-size: medium;\">Kultur\u00e1lt k\u00f6rnyezetben, tapasztalt oktat\u00f3k seg\u00edtik felk\u00e9sz\u00fcl\u00e9s\u00e9t<\/span><\/p>\n<\/li>\n<li>\n<p lang=\"hu-HU\"><span style=\"font-size: medium;\">Az oktat\u00e1shoz sz\u00fcks\u00e9ges seg\u00e9danyagokat biztos\u00edtjuk<\/span><\/p>\n<\/li>\n<li>\n<p lang=\"hu-HU\"><span style=\"font-size: medium;\">Az e-learning k\u00e9pz\u00e9si form\u00e1t v\u00e1laszt\u00f3 tanul\u00f3k teljes eg\u00e9sz\u00e9ben szabadon, saj\u00e1t id\u0151beoszt\u00e1suk szerint, otthonukban tanulhatnak<\/span><\/p>\n<\/li>\n<li>\n<p lang=\"hu-HU\"><span style=\"font-size: medium;\">A tantermi oktat\u00e1s sor\u00e1n nagy tapasztalattal rendelkez\u0151 elm\u00e9leti szakoktat\u00f3 ir\u00e1ny\u00edt\u00e1s\u00e1val k\u00e9sz\u00fclhetnek fel az elm\u00e9leti vizsg\u00e1ra<\/span><\/p>\n<\/li>\n<li>\n<p lang=\"hu-HU\"><span style=\"font-size: medium;\">A gyakorlati oktat\u00e1s helysz\u00edn\u00e9t \u2013 B-kateg\u00f3ria eset\u00e9n &#8211; megv\u00e1laszthatja: S\u00e1toralja\u00fajhely vagy Miskolc<\/span><\/p>\n<\/li>\n<li>\n<p lang=\"hu-HU\"><span style=\"font-size: medium;\">Gyakorlati oktat\u00e1s h\u00e9tv\u00e9g\u00e9ken, \u00fcnnepnapokon is, a tanul\u00f3k szabadidej\u00e9hez igaz\u00edtva<\/span><\/p>\n<\/li>\n<li>\n<p lang=\"hu-HU\"><span style=\"font-size: medium;\">Kedvez\u0151 \u00e1rak (5 f\u0151n\u00e9l nagyobb l\u00e9tsz\u00e1m\u00fa csoport jelentkez\u00e9se eset\u00e9n kedvezm\u00e9ny)<\/span><\/p>\n<\/li>\n<li>\n<p lang=\"hu-HU\"><a name=\"_GoBack\"><\/a> <span style=\"font-size: medium;\">A p\u00f3t\u00f3ra d\u00edjak megegyeznek az alapoktat\u00e1s \u00f3rad\u00edj\u00e1val<\/span><\/p>\n<\/li>\n<li>\n<p lang=\"hu-HU\"><span style=\"font-size: medium;\">Az els\u0151seg\u00e9lyny\u00fajt\u00f3 tanfolyam, \u00e9s vizsga megszervez\u00e9s\u00e9r\u0151l gondoskodunk<\/span><\/p>\n<\/li>\n<li>\n<p lang=\"hu-HU\"><span style=\"font-size: medium;\">Egy\u00e9nre szabott r\u00e9szletfizet\u00e9si lehet\u0151s\u00e9g!<\/span><\/p>\n<\/li>\n<\/ul>\n<p style=\"text-align: center;\">B\u00e1rczi G\u00e1bor szakoktat\u00f3<\/p>\n<p><img loading=\"lazy\" decoding=\"async\" class=\"aligncenter size-full wp-image-1025\" src=\"http:\/\/barcziautosiskola.com\/wp-content\/uploads\/2025\/05\/Barczi-Gabor-szakoktato-1M-scaled.jpg\" alt=\"\" width=\"2434\" height=\"2560\" srcset=\"https:\/\/barcziautosiskola.com\/wp-content\/uploads\/2025\/05\/Barczi-Gabor-szakoktato-1M-scaled.jpg 2434w, https:\/\/barcziautosiskola.com\/wp-content\/uploads\/2025\/05\/Barczi-Gabor-szakoktato-1M-285x300.jpg 285w, https:\/\/barcziautosiskola.com\/wp-content\/uploads\/2025\/05\/Barczi-Gabor-szakoktato-1M-973x1024.jpg 973w, https:\/\/barcziautosiskola.com\/wp-content\/uploads\/2025\/05\/Barczi-Gabor-szakoktato-1M-768x808.jpg 768w, https:\/\/barcziautosiskola.com\/wp-content\/uploads\/2025\/05\/Barczi-Gabor-szakoktato-1M-1460x1536.jpg 1460w, https:\/\/barcziautosiskola.com\/wp-content\/uploads\/2025\/05\/Barczi-Gabor-szakoktato-1M-76x80.jpg 76w\" sizes=\"auto, (max-width: 2434px) 100vw, 2434px\" \/><\/p>\n","protected":false},"excerpt":{"rendered":"<p>Mi\u00e9rt minket v\u00e1lasszon? \u00a0 \u00a0\u201e\u2026az\u00e9rt, hogy c\u00e9lba \u00e9rjen!\u201d Garant\u00e1ljuk a t\u00fcrelmes oktat\u00e1st, nyugodt l\u00e9gk\u00f6rt A foglalkoz\u00e1sok id\u0151pontj\u00e1t a tanul\u00f3k szabadidej\u00e9hez igaz\u00edtjuk Kultur\u00e1lt k\u00f6rnyezetben, tapasztalt oktat\u00f3k seg\u00edtik felk\u00e9sz\u00fcl\u00e9s\u00e9t Az oktat\u00e1shoz sz\u00fcks\u00e9ges seg\u00e9danyagokat biztos\u00edtjuk Az e-learning k\u00e9pz\u00e9si form\u00e1t v\u00e1laszt\u00f3 tanul\u00f3k teljes eg\u00e9sz\u00e9ben szabadon, saj\u00e1t id\u0151beoszt\u00e1suk szerint, otthonukban tanulhatnak A tantermi oktat\u00e1s sor\u00e1n [&hellip;]<\/p>\n","protected":false},"author":1,"featured_media":0,"parent":0,"menu_order":2,"comment_status":"closed","ping_status":"closed","template":"","meta":{"footnotes":""},"class_list":["post-33","page","type-page","status-publish","hentry"],"_links":{"self":[{"href":"https:\/\/barcziautosiskola.com\/index.php?rest_route=\/wp\/v2\/pages\/33","targetHints":{"allow":["GET"]}}],"collection":[{"href":"https:\/\/barcziautosiskola.com\/index.php?rest_route=\/wp\/v2\/pages"}],"about":[{"href":"https:\/\/barcziautosiskola.com\/index.php?rest_route=\/wp\/v2\/types\/page"}],"author":[{"embeddable":true,"href":"https:\/\/barcziautosiskola.com\/index.php?rest_route=\/wp\/v2\/users\/1"}],"replies":[{"embeddable":true,"href":"https:\/\/barcziautosiskola.com\/index.php?rest_route=%2Fwp%2Fv2%2Fcomments&post=33"}],"version-history":[{"count":23,"href":"https:\/\/barcziautosiskola.com\/index.php?rest_route=\/wp\/v2\/pages\/33\/revisions"}],"predecessor-version":[{"id":1029,"href":"https:\/\/barcziautosiskola.com\/index.php?rest_route=\/wp\/v2\/pages\/33\/revisions\/1029"}],"wp:attachment":[{"href":"https:\/\/barcziautosiskola.com\/index.php?rest_route=%2Fwp%2Fv2%2Fmedia&parent=33"}],"curies":[{"name":"wp","href":"https:\/\/api.w.org\/{rel}","templated":true}]}}