{"id":29,"date":"2016-01-21T10:36:26","date_gmt":"2016-01-21T10:36:26","guid":{"rendered":"http:\/\/barcziautosiskola.com\/?page_id=29"},"modified":"2024-04-21T18:09:17","modified_gmt":"2024-04-21T18:09:17","slug":"motorkerekpar-a","status":"publish","type":"page","link":"https:\/\/barcziautosiskola.com\/?page_id=29","title":{"rendered":"Motorker\u00e9kp\u00e1r (A)"},"content":{"rendered":"<p>&nbsp;<\/p>\n<h4 class=\"western\" lang=\"hu-HU\">A LEGAL\u00c1BB 600 ccm HENGER\u0170RTARTALM\u0170, LEGAL\u00c1BB 40kW TELJES\u00cdTM\u00c9NY\u0170 MOTORKER\u00c9KP\u00c1R<\/h4>\n<figure id=\"attachment_662\" aria-describedby=\"caption-attachment-662\" style=\"width: 300px\" class=\"wp-caption alignright\"><img loading=\"lazy\" decoding=\"async\" class=\"wp-image-662 size-medium\" src=\"http:\/\/barcziautosiskola.com\/wp-content\/uploads\/2019\/12\/received_327527628171805-300x146.jpeg\" alt=\"received_327527628171805\" width=\"300\" height=\"146\" srcset=\"https:\/\/barcziautosiskola.com\/wp-content\/uploads\/2019\/12\/received_327527628171805-300x146.jpeg 300w, https:\/\/barcziautosiskola.com\/wp-content\/uploads\/2019\/12\/received_327527628171805-768x373.jpeg 768w, https:\/\/barcziautosiskola.com\/wp-content\/uploads\/2019\/12\/received_327527628171805-1024x498.jpeg 1024w, https:\/\/barcziautosiskola.com\/wp-content\/uploads\/2019\/12\/received_327527628171805.jpeg 2016w\" sizes=\"auto, (max-width: 300px) 100vw, 300px\" \/><figcaption id=\"caption-attachment-662\" class=\"wp-caption-text\">Az A-kateg\u00f3ri\u00e1s oktat\u00e1s j\u00e1rm\u0171vei<\/figcaption><\/figure>\n<p class=\"western\" lang=\"hu-HU\"><span style=\"font-family: 'Times New Roman', serif;\"><span style=\"font-size: small;\"><span lang=\"sk-SK\"><b>Milyen vezet\u0151i enged\u00e9llyel vezethet\u0151?<\/b><\/span><\/span><\/span><\/p>\n<p class=\"western\" lang=\"hu-HU\" align=\"justify\"><span style=\"font-family: 'Times New Roman', serif;\"><span style=\"font-size: medium;\"><span lang=\"sk-SK\">Az &#8222;A&#8221; kateg\u00f3ri\u00e1ba tartoz\u00f3 j\u00e1rm\u0171vek csak &#8222;A&#8221; kateg\u00f3ri\u00e1ra \u00e9rv\u00e9nyes\u00edtett vezet\u0151i enged\u00e9llyel vezethet\u0151k.<\/span><\/span><\/span><\/p>\n<p class=\"western\" lang=\"hu-HU\" align=\"justify\"><span style=\"font-family: 'Times New Roman', serif;\"><span style=\"font-size: small;\"><span lang=\"sk-SK\"><b>M\u00e9g milyen j\u00e1rm\u0171 vezet\u00e9s\u00e9re jogos\u00edt?<\/b>Az A-kateg\u00f3ri\u00e1s oktat\u00e1s j\u00e1rm\u0171vei<\/span><\/span><\/span><\/p>\n<p class=\"western\" lang=\"hu-HU\" align=\"justify\"><span style=\"font-family: 'Times New Roman', serif;\"><span style=\"font-size: medium;\"><span lang=\"sk-SK\">Az &#8222;A&#8221; kateg\u00f3ri\u00e1ra \u00e9rv\u00e9nyes\u00edtett vezet\u0151i enged\u00e9llyel vezethet\u0151 m\u00e9g az &#8222;A&#8221; korl\u00e1tozott kateg\u00f3ri\u00e1ba, az A2 kateg\u00f3ri\u00e1ba \u00e9s az &#8222;A1&#8221; alkateg\u00f3ri\u00e1ba tartoz\u00f3 motorker\u00e9kp\u00e1r, valamint &#8211; az orvosi \u00e9rv\u00e9nyess\u00e9g lej\u00e1rt\u00e1t k\u00f6vet\u0151en is, de legfeljebb az enged\u00e9ly ki\u00e1ll\u00edt\u00e1s\u00e1t k\u00f6vet\u0151 t\u00edz \u00e9vig &#8211; a seg\u00e9dmotoros ker\u00e9kp\u00e1r, a lass\u00fa j\u00e1rm\u0171 \u00e9s p\u00f3tkocsija, a kerti traktor \u00e9s az \u00e1llati er\u0151vel vont j\u00e1rm\u0171.<\/span><\/span><\/span><\/p>\n<p class=\"western\" lang=\"hu-HU\" align=\"justify\"><a name=\"_GoBack\"><\/a> <span style=\"font-family: 'Times New Roman', serif;\"><span style=\"font-size: small;\"><span lang=\"sk-SK\"><b>A tanfolyamra val\u00f3 felv\u00e9tel felt\u00e9telei <\/b><\/span><\/span><\/span><\/p>\n<p class=\"western\" lang=\"hu-HU\" align=\"justify\"><span style=\"font-family: 'Times New Roman', serif;\"><span style=\"font-size: medium;\"><span lang=\"sk-SK\">Tanfolyamra az vehet\u0151 fel, aki<\/span><\/span><\/span><\/p>\n<ul>\n<li>\n<p class=\"western\" lang=\"hu-HU\" align=\"justify\"><span style=\"font-family: 'Times New Roman', serif;\"><span style=\"font-size: medium;\"><span lang=\"sk-SK\">bet\u00f6lt\u00f6tte a 24. \u00e9let\u00e9v\u00e9t, \u00e9s legfeljebb 1 \u00e9ves &#8222;A1&#8221; alkateg\u00f3ri\u00e1s vagy &#8222;A&#8221; korl\u00e1tozott, vagy A2 kateg\u00f3ri\u00e1s vezet\u0151i enged\u00e9llyel rendelkezik;<\/span><\/span><\/span><\/p>\n<\/li>\n<li>\n<p class=\"western\" lang=\"hu-HU\" align=\"justify\"><span style=\"font-family: 'Times New Roman', serif;\"><span style=\"font-size: medium;\"><span lang=\"sk-SK\">ha nem rendelkezik legfeljebb 1 \u00e9ves &#8222;A1&#8221; vagy &#8222;A&#8221; korl\u00e1tozott, vagy A2 kateg\u00f3ri\u00e1s vezet\u0151i enged\u00e9llyel, bet\u00f6lt\u00f6tte a 24. \u00e9let\u00e9v\u00e9t, vagy ann\u00e1l legfeljebb f\u00e9l \u00e9vvel fiatalabb;<\/span><\/span><\/span><\/p>\n<\/li>\n<li>\n<p class=\"western\" lang=\"hu-HU\" align=\"justify\"><span style=\"font-family: 'Times New Roman', serif;\"><span style=\"font-size: medium;\"><span lang=\"sk-SK\">1. eg\u00e9szs\u00e9g\u00fcgyi csoportban eg\u00e9szs\u00e9gileg alkalmas;<\/span><\/span><\/span><\/p>\n<\/li>\n<li>\n<p class=\"western\" lang=\"hu-HU\" align=\"justify\"><span style=\"font-family: 'Times New Roman', serif;\"><span style=\"font-size: medium;\"><span lang=\"sk-SK\">a 35\/2000. (XI. 30.) BM rendeletben meghat\u00e1rozott k\u00f6zleked\u00e9sbiztons\u00e1gi felt\u00e9teleknek megfelel;<\/span><\/span><\/span><\/p>\n<\/li>\n<li>\n<p class=\"western\" lang=\"hu-HU\" align=\"justify\"><span style=\"font-family: 'Times New Roman', serif;\"><span style=\"font-size: medium;\"><span lang=\"sk-SK\">legal\u00e1bb 8. \u00e1ltal\u00e1nos ikolai v\u00e9gzetts\u00e9ggel rendelkezik<\/span><\/span><\/span><\/p>\n<\/li>\n<\/ul>\n<p class=\"western\" lang=\"hu-HU\">\n","protected":false},"excerpt":{"rendered":"<p>&nbsp; A LEGAL\u00c1BB 600 ccm HENGER\u0170RTARTALM\u0170, LEGAL\u00c1BB 40kW TELJES\u00cdTM\u00c9NY\u0170 MOTORKER\u00c9KP\u00c1R Milyen vezet\u0151i enged\u00e9llyel vezethet\u0151? Az &#8222;A&#8221; kateg\u00f3ri\u00e1ba tartoz\u00f3 j\u00e1rm\u0171vek csak &#8222;A&#8221; kateg\u00f3ri\u00e1ra \u00e9rv\u00e9nyes\u00edtett vezet\u0151i enged\u00e9llyel vezethet\u0151k. M\u00e9g milyen j\u00e1rm\u0171 vezet\u00e9s\u00e9re jogos\u00edt?Az A-kateg\u00f3ri\u00e1s oktat\u00e1s j\u00e1rm\u0171vei Az &#8222;A&#8221; kateg\u00f3ri\u00e1ra \u00e9rv\u00e9nyes\u00edtett vezet\u0151i enged\u00e9llyel vezethet\u0151 m\u00e9g az &#8222;A&#8221; korl\u00e1tozott kateg\u00f3ri\u00e1ba, az A2 kateg\u00f3ri\u00e1ba \u00e9s [&hellip;]<\/p>\n","protected":false},"author":1,"featured_media":0,"parent":0,"menu_order":3,"comment_status":"closed","ping_status":"closed","template":"","meta":{"footnotes":""},"class_list":["post-29","page","type-page","status-publish","hentry"],"_links":{"self":[{"href":"https:\/\/barcziautosiskola.com\/index.php?rest_route=\/wp\/v2\/pages\/29","targetHints":{"allow":["GET"]}}],"collection":[{"href":"https:\/\/barcziautosiskola.com\/index.php?rest_route=\/wp\/v2\/pages"}],"about":[{"href":"https:\/\/barcziautosiskola.com\/index.php?rest_route=\/wp\/v2\/types\/page"}],"author":[{"embeddable":true,"href":"https:\/\/barcziautosiskola.com\/index.php?rest_route=\/wp\/v2\/users\/1"}],"replies":[{"embeddable":true,"href":"https:\/\/barcziautosiskola.com\/index.php?rest_route=%2Fwp%2Fv2%2Fcomments&post=29"}],"version-history":[{"count":8,"href":"https:\/\/barcziautosiskola.com\/index.php?rest_route=\/wp\/v2\/pages\/29\/revisions"}],"predecessor-version":[{"id":951,"href":"https:\/\/barcziautosiskola.com\/index.php?rest_route=\/wp\/v2\/pages\/29\/revisions\/951"}],"wp:attachment":[{"href":"https:\/\/barcziautosiskola.com\/index.php?rest_route=%2Fwp%2Fv2%2Fmedia&parent=29"}],"curies":[{"name":"wp","href":"https:\/\/api.w.org\/{rel}","templated":true}]}}