{"id":27,"date":"2016-01-21T10:35:45","date_gmt":"2016-01-21T10:35:45","guid":{"rendered":"http:\/\/barcziautosiskola.com\/?page_id=27"},"modified":"2024-04-21T18:07:45","modified_gmt":"2024-04-21T18:07:45","slug":"motorkerekpar-teljesitmeny-korlatozassal-a2","status":"publish","type":"page","link":"https:\/\/barcziautosiskola.com\/?page_id=27","title":{"rendered":"Motorker\u00e9kp\u00e1r teljes\u00edtm\u00e9ny-korl\u00e1toz\u00e1ssal (A2)"},"content":{"rendered":"<h4 class=\"western\" lang=\"hu-HU\"><\/h4>\n<figure id=\"attachment_166\" aria-describedby=\"caption-attachment-166\" style=\"width: 290px\" class=\"wp-caption alignright\"><img loading=\"lazy\" decoding=\"async\" class=\"size-full wp-image-166\" src=\"http:\/\/barcziautosiskola.com\/wp-content\/uploads\/2016\/01\/photo_A2.jpg\" alt=\"Illuszr\u00e1ci\u00f3s fot\u00f3\" width=\"290\" height=\"197\"><figcaption id=\"caption-attachment-166\" class=\"wp-caption-text\"><sup>Illusztr\u00e1ci\u00f3s fot\u00f3<\/sup><\/figcaption><\/figure>\n<h4 class=\"western\" lang=\"hu-HU\"><span style=\"font-family: 'Times New Roman', serif;\"><span style=\"font-size: medium;\"><span lang=\"sk-SK\">MOTORKER\u00c9KP\u00c1R MAXIMUM 35 kW TELJES\u00cdTM\u00c9NY \u00c9S 0,2kW\/SAJ\u00c1T T\u00d6MEGIK<\/span><\/span><\/span><\/h4>\n<p><span style=\"font-family: 'Times New Roman', serif;\"><span style=\"font-size: medium;\"><span lang=\"sk-SK\">Ilyen kateg\u00f3ri\u00e1ra \u00e9rv\u00e9nyes\u00edtett vezet\u0151i enged\u00e9llyel kell rendelkeznie annak, aki olyan j\u00e1rm\u0171vet k\u00edv\u00e1n vezetni amely:<br \/>\n35 kW teljes\u00edtm\u00e9nyt \u00e9s 0,2 kW\/kg teljes\u00edtm\u00e9ny\/saj\u00e1t t\u00f6meg ar\u00e1nyt meg nem halad\u00f3 motorker\u00e9kp\u00e1r. Aki els\u0151 vezet\u0151i enged\u00e9ly\u00e9nek megszerz\u00e9s\u00e9hez v\u00e9gzi a tanfolyamot, az kezd\u0151 vezet\u0151i enged\u00e9lyt kap. Kezd\u0151 vezet\u0151i enged\u00e9llyel utas nem sz\u00e1ll\u00edthat\u00f3.<\/span><\/span><\/span><\/p>\n<p><span style=\"font-family: 'Times New Roman', serif;\"><span style=\"font-size: medium;\"><span lang=\"sk-SK\"><b>Az ilyen vezet\u0151i enged\u00e9ly megszerz\u00e9s\u00e9nek felt\u00e9telei:<\/b><\/span><\/span><\/span><\/p>\n<ul>\n<li><span style=\"font-family: 'Times New Roman', serif;\"><span style=\"font-size: medium;\"><span lang=\"sk-SK\">eg\u00e9szs\u00e9g\u00fcgyi alkalmass\u00e1g,<\/span><\/span><\/span><\/li>\n<li><span style=\"font-family: 'Times New Roman', serif;\"><span style=\"font-size: medium;\"><span lang=\"sk-SK\">a 18. \u00e9let\u00e9v\u00e9t bet\u00f6lt\u00f6tte,<\/span><\/span><\/span><\/li>\n<li><span style=\"font-family: 'Times New Roman', serif;\"><span style=\"font-size: medium;\"><span lang=\"sk-SK\">a tanfolyamot elv\u00e9gezte \u00e9s minden tant\u00e1rgyb\u00f3l sikeres hat\u00f3s\u00e1gi vizsg\u00e1t tett,<\/span><\/span><\/span><\/li>\n<li><span style=\"font-family: 'Times New Roman', serif;\"><span style=\"font-size: medium;\"><span lang=\"sk-SK\">rendelkezik k\u00f6z\u00fati els\u0151seg\u00e9lyny\u00fajt\u00f3 vizsg\u00e1val.<\/span><\/span><\/span><\/li>\n<li><span style=\"font-family: 'Times New Roman', serif;\"><span style=\"font-size: medium;\"><span lang=\"sk-SK\">k\u00f6zleked\u00e9s biztons\u00e1gi alkalmass\u00e1g<\/span><\/span><\/span><\/li>\n<li><span style=\"font-family: 'Times New Roman', serif;\"><span style=\"font-size: medium;\"><span lang=\"sk-SK\">alapfok\u00fa iskolai v\u00e9gzetts\u00e9g igazol\u00e1sa (vizsgaigazol\u00e1s kiad\u00e1s\u00e1nak felt\u00e9tele)<\/span><\/span><\/span><\/li>\n<\/ul>\n<p>&nbsp;<\/p>\n","protected":false},"excerpt":{"rendered":"<p>MOTORKER\u00c9KP\u00c1R MAXIMUM 35 kW TELJES\u00cdTM\u00c9NY \u00c9S 0,2kW\/SAJ\u00c1T T\u00d6MEGIK Ilyen kateg\u00f3ri\u00e1ra \u00e9rv\u00e9nyes\u00edtett vezet\u0151i enged\u00e9llyel kell rendelkeznie annak, aki olyan j\u00e1rm\u0171vet k\u00edv\u00e1n vezetni amely: 35 kW teljes\u00edtm\u00e9nyt \u00e9s 0,2 kW\/kg teljes\u00edtm\u00e9ny\/saj\u00e1t t\u00f6meg ar\u00e1nyt meg nem halad\u00f3 motorker\u00e9kp\u00e1r. Aki els\u0151 vezet\u0151i enged\u00e9ly\u00e9nek megszerz\u00e9s\u00e9hez v\u00e9gzi a tanfolyamot, az kezd\u0151 vezet\u0151i enged\u00e9lyt kap. Kezd\u0151 vezet\u0151i [&hellip;]<\/p>\n","protected":false},"author":1,"featured_media":0,"parent":0,"menu_order":2,"comment_status":"closed","ping_status":"closed","template":"","meta":{"footnotes":""},"class_list":["post-27","page","type-page","status-publish","hentry"],"_links":{"self":[{"href":"https:\/\/barcziautosiskola.com\/index.php?rest_route=\/wp\/v2\/pages\/27","targetHints":{"allow":["GET"]}}],"collection":[{"href":"https:\/\/barcziautosiskola.com\/index.php?rest_route=\/wp\/v2\/pages"}],"about":[{"href":"https:\/\/barcziautosiskola.com\/index.php?rest_route=\/wp\/v2\/types\/page"}],"author":[{"embeddable":true,"href":"https:\/\/barcziautosiskola.com\/index.php?rest_route=\/wp\/v2\/users\/1"}],"replies":[{"embeddable":true,"href":"https:\/\/barcziautosiskola.com\/index.php?rest_route=%2Fwp%2Fv2%2Fcomments&post=27"}],"version-history":[{"count":11,"href":"https:\/\/barcziautosiskola.com\/index.php?rest_route=\/wp\/v2\/pages\/27\/revisions"}],"predecessor-version":[{"id":946,"href":"https:\/\/barcziautosiskola.com\/index.php?rest_route=\/wp\/v2\/pages\/27\/revisions\/946"}],"wp:attachment":[{"href":"https:\/\/barcziautosiskola.com\/index.php?rest_route=%2Fwp%2Fv2%2Fmedia&parent=27"}],"curies":[{"name":"wp","href":"https:\/\/api.w.org\/{rel}","templated":true}]}}