{"id":263,"date":"2016-02-29T20:20:34","date_gmt":"2016-02-29T20:20:34","guid":{"rendered":"http:\/\/barcziautosiskola.com\/?page_id=263"},"modified":"2025-05-13T20:38:33","modified_gmt":"2025-05-13T20:38:33","slug":"vallakozasi-feltetelek-es-vallakozasi-feltetelek-a-kategoria","status":"publish","type":"page","link":"https:\/\/barcziautosiskola.com\/?page_id=263","title":{"rendered":"Tanul\u00f3i t\u00e1jekoztat\u00f3 \u00e9s v\u00e1llal\u00e1si felt\u00e9telek &#8222;A&#8221;-kateg\u00f3ria"},"content":{"rendered":"<p><strong>Tanul\u00f3i t\u00e1j\u00e9koztat\u00f3<br \/>\nA \u201eA\u201d kateg\u00f3ri\u00e1s elm\u00e9leti \u00e9s gyakorlati k\u00e9pz\u00e9s v\u00e1llal\u00e1si felt\u00e9telei<\/strong><\/p>\n<ol>\n<li>A k\u00e9pz\u0151 szerv adatai:<\/li>\n<\/ol>\n<p>Megnevez\u00e9s (fant\u00e1zian\u00e9v): <strong>B\u00e1rczi Aut\u00f3siskola<\/strong><\/p>\n<p>K\u00e9pz\u00e9si eng.sz\u00e1ma: KE\/ST\/82\/A\/792\/1\/2016<\/p>\n<p>Sz\u00e9khely: \u00a0 \u00a0 \u00a0 \u00a0 \u00a0 \u00a0 \u00a0 \u00a0 \u00a0 \u00a0 \u00a0 \u00a0 \u00a0 \u00a0 \u00a0\u00a0\u00a0\u00a0 \u00a0\u00a0\u00a0\u00a0\u00a0\u00a0\u00a0\u00a0 3876 Hidasn\u00e9meti, Szabads\u00e1g \u00fat 2.<\/p>\n<p>Honlap c\u00edm: \u00a0 \u00a0 \u00a0 \u00a0 \u00a0 \u00a0 \u00a0 \u00a0 \u00a0 \u00a0 \u00a0 \u00a0 \u00a0 \u00a0\u00a0 \u00a0\u00a0\u00a0\u00a0\u00a0\u00a0\u00a0\u00a0 www.barcziautosiskola.com<\/p>\n<p>E-mail c\u00edm: \u00a0 \u00a0 \u00a0 \u00a0 \u00a0 \u00a0 \u00a0 \u00a0 \u00a0 \u00a0 \u00a0 \u00a0 \u00a0 \u00a0 \u00a0 \u00a0 \u00a0 \u00a0 \u00a0 \u00a0 \u00a0 \u00a0\u00a0<a href=\"mailto:barcziautosiskola@gmail.com\"><strong>barcziautosiskola@gmail.com<\/strong><\/a><br \/>\nTelefonsz\u00e1m: \u00a0 \u00a0 \u00a0 \u00a0 \u00a0 \u00a0 \u00a0 \u00a0 \u00a0 \u00a0 \u00a0 \u00a0 \u00a0 \u00a0 \u00a0 \u00a0 \u00a0 \u00a0 \u00a0 \u00a0+3620-575-3654<\/p>\n<p>C\u00e9gn\u00e9v: \u00a0 \u00a0 \u00a0 \u00a0 \u00a0 \u00a0 \u00a0 \u00a0 \u00a0 \u00a0 \u00a0 \u00a0 \u00a0 \u00a0 \u00a0 \u00a0 \u00a0\u00a0\u00a0 \u00a0\u00a0\u00a0\u00a0\u00a0\u00a0\u00a0 B\u00e1rczi Oktat\u00e1si \u00e9s Szolg\u00e1ltat\u00f3 Bet\u00e9ti T\u00e1rsas\u00e1g<br \/>\nA c\u00e9g form\u00e1ja: \u00a0 \u00a0 \u00a0 \u00a0 \u00a0 \u00a0 \u00a0 \u00a0 \u00a0 \u00a0 \u00a0\u00a0\u00a0 \u00a0\u00a0\u00a0\u00a0\u00a0\u00a0\u00a0\u00a0 Bet\u00e9ti t\u00e1rsas\u00e1g<\/p>\n<p>\u00dcgyvezet\u0151: B\u00e1rczi L\u00e1szl\u00f3n\u00e9<\/p>\n<p>Telefonsz\u00e1m: +3620-9763-345<\/p>\n<p>C\u00e9gb\u00edr\u00f3s\u00e1gi bejegyz\u00e9s sz\u00e1ma: \u00a0\u00a005-06-012529<\/p>\n<p>Iskolavezet\u0151 neve, e-mail c\u00edme, telefonsz\u00e1ma:<\/p>\n<p>B\u00e1rczi L\u00e1szl\u00f3\u00a0<a href=\"mailto:barcziautosiskola@gmail.com\"><strong>barcziautosiskola@gmail.com<\/strong><\/a>, \u00a0 0620-575-36-54<\/p>\n<p><u>A k\u00f6zponti \u00fcgyf\u00e9lfogad\u00f3<\/u><br \/>\nc\u00edme: \u00a0 \u00a0 \u00a0 \u00a0 \u00a0 \u00a0 \u00a0 \u00a0 \u00a0 \u00a0 \u00a0 \u00a0 \u00a0 \u00a0 \u00a0 \u00a0 \u00a0 \u00a0 \u00a03876 Hidasn\u00e9meti, Szabads\u00e1g \u00fat 2.<br \/>\ntelefonsz\u00e1ma: \u00a0 \u00a0 \u00a0 \u00a0 \u00a0 \u00a0 \u00a0 \u00a0 \u00a0\u00a0 \u00a0\u00a0 +36 46-452-265; + 36 30-41-31.873, +36 20-5753654<br \/>\n\u00fcgyf\u00e9lfogad\u00e1s id\u0151pontjai: \u00a0\u00a0 \u00a0 h\u00e9tf\u0151 13:00-17:00, szerda 13:00-17:00, p\u00e9ntek 08:00-13:00<br \/>\ntelefonos egyeztet\u00e9ssel egy\u00e9b id\u0151pontban is<\/p>\n<ul>\n<li>Szerencs, R\u00e1k\u00f3czi, \u00fat 114. tel: 0630- 41-31-873, 0630-9763-345<\/li>\n<\/ul>\n<p>\u00fcgyf\u00e9lfogad\u00e1s id\u0151pontja: kedd: 14:00-17:00, cs\u00fct\u00f6rt\u00f6k: 11:00-16:00<\/p>\n<ul>\n<li>Aba\u00fajsz\u00e1nt\u00f3, B\u00e9ke \u00fat 30.<\/li>\n<\/ul>\n<p>telefonsz\u00e1ma: 0620-9763-345, 0620-9763-345<\/p>\n<p><strong><u>A tanfolyamra val\u00f3 felv\u00e9tel m\u00f3dja:<\/u><\/strong>\u00a0szem\u00e9lyesen, szem\u00e9lyi igazolv\u00e1ny \u00e9s lakc\u00edmk\u00e1rtya bemutat\u00e1s\u00e1val<\/p>\n<p><strong><u>Az el\u0151\u00edrt eg\u00e9szs\u00e9gi alkalmass\u00e1gi<\/u><\/strong>\u00a0orvosi v\u00e9lem\u00e9nyt a h\u00e1ziorvosn\u00e1l lehet beszerezni, az I. alkalmass\u00e1gi csoportra<\/p>\n<p><strong><u>A tanfolyamra t\u00f6rt\u00e9n\u0151 felv\u00e9tel a vizsg\u00e1ra bocs\u00e1t\u00e1s \u00e9s a vizsgaigazol\u00e1s kiad\u00e1s\u00e1nak felt\u00e9telei:<\/u><\/strong><\/p>\n<ul>\n<li><strong>Tanfolyamra t\u00f6rt\u00e9n\u0151 felv\u00e9tel felt\u00e9telei:<\/strong>\n<ul>\n<li>bet\u00f6lt\u00f6tt 23 \u00e9s f\u00e9l \u00e9ves kor A+24<\/li>\n<li>20 \u00e9s f\u00e9l \u00e9ves kor \u201eA\u201d 2 \u00e9ven t\u00fal A2vel<\/li>\n<li>az els\u0151 r\u00e9szlet befizet\u00e9se<\/li>\n<li>az aut\u00f3siskol\u00e1n\u00e1l megk\u00f6t\u00f6tt tanulm\u00e1nyi szerz\u0151d\u00e9s<\/li>\n<li>a\u00a0kateg\u00f3ri\u00e1ra \u00e9rv\u00e9nyes orvosi alkalmass\u00e1gi igazol\u00e1s<\/li>\n<\/ul>\n<\/li>\n<\/ul>\n<ol start=\"2\">\n<li><strong><u>A k\u00e9pz\u0151szerv jogai:<\/u><\/strong><\/li>\n<\/ol>\n<p>&#8211; A k\u00e9pz\u00e9st \u00e9s a vizsgaki\u00edr\u00e1st sz\u00fcneteltetni d\u00edjh\u00e1tral\u00e9k eset\u00e9n.<\/p>\n<p>&#8211; Az adatok egyeztet\u00e9se c\u00e9lj\u00e1b\u00f3l a megfelel\u0151 okiratokba, szem\u00e9lyi okm\u00e1nyokba betekinteni.<\/p>\n<p>&#8211; A beiskol\u00e1z\u00e1s b\u00e1rmely felt\u00e9tel\u00e9nek hi\u00e1nya miatt a felv\u00e9telt megtagadni.<\/p>\n<p>&#8211; A k\u00e9pz\u00e9s sor\u00e1n a tanul\u00f3 \u00e1ltal sz\u00e1nd\u00e9kosan okozott k\u00e1rt az okoz\u00f3val megt\u00e9r\u00edttetni.<\/p>\n<p>&#8211; Amennyiben a k\u00e9pz\u00e9si id\u0151 alatt bek\u00f6vetkezett d\u00edjv\u00e1ltoz\u00e1sokat a m\u00e9g ig\u00e9nybe nem vett szolg\u00e1ltat\u00e1sra \u00e9rv\u00e9nyes\u00edteni.<\/p>\n<p><strong><u>A k\u00e9pz\u0151szerv k\u00f6telezetts\u00e9gei:<\/u><\/strong><\/p>\n<p>&#8211; Biztos\u00edtani a k\u00e9pz\u00e9s el\u0151\u00edrt felt\u00e9teleit.<\/p>\n<p>&#8211; A jelentkez\u0151ket \u00e9s a hallgat\u00f3kat naprak\u00e9szen t\u00e1j\u00e9koztatni.<\/p>\n<p>&#8211; A r\u00e9sz\u00e9re befizetett d\u00edjakr\u00f3l bizonylatot adni.<\/p>\n<p>&#8211; A tanfolyamra felvett tanul\u00f3kat a kultur\u00e1lt \u2013 balesetmentes k\u00f6zleked\u00e9sre felk\u00e9sz\u00edteni.<\/p>\n<p>&#8211; A befizetett tand\u00edj ellen\u00e9ben k\u00e9pz\u00e9si eszk\u00f6zeit a tanul\u00f3 rendelkez\u00e9s\u00e9re bocs\u00e1tani, haszn\u00e1latukat szakember k\u00f6zrem\u0171k\u00f6d\u00e9s\u00e9vel biztos\u00edtani.<\/p>\n<p>&#8211; A vizsg\u00e1ra bocs\u00e1t\u00e1s felt\u00e9teleinek teljes\u00fcl\u00e9se, esetleges tand\u00edj befizet\u00e9si h\u00e1tral\u00e9k teljes\u00edt\u00e9se ut\u00e1n, valamint felk\u00e9sz\u00fclts\u00e9ge eset\u00e9n a tanul\u00f3t vizsg\u00e1ra bocs\u00e1tani.<\/p>\n<ol start=\"3\">\n<li><strong><u>A tanul\u00f3 jogai:<\/u><\/strong><\/li>\n<\/ol>\n<p>&#8211; A k\u00e9pz\u00e9si szolg\u00e1ltat\u00e1st ig\u00e9nybe venni az el\u0151\u00edrtn\u00e1l magasabb \u00f3rasz\u00e1mban is.<\/p>\n<p>&#8211; A befizet\u00e9sr\u0151l bizonylatot kapni.<\/p>\n<p>&#8211; K\u00e9r\u00e9sre oktat\u00f3t vagy k\u00e9pz\u0151szervet v\u00e1ltoztatni.<\/p>\n<p>&#8211; Panasszal az iskolavezet\u0151h\u00f6z vagy a K\u00f6zleked\u00e9si Alkalmass\u00e1gi \u00e9s Vizsgak\u00f6zpont Nonprofit Kft<\/p>\n<p>szakfel\u00fcgyeleti oszt\u00e1ly\u00e1hoz lehet fordulni.<\/p>\n<p>&#8211; A tanfolyam befizet\u00e9se \u00e9s a tanfolyam elv\u00e9gz\u00e9se ut\u00e1n a hat\u00f3s\u00e1gi vizsg\u00e1kon r\u00e9szt venni.<\/p>\n<ul>\n<li><strong>Vizsg\u00e1ra bocs\u00e1t\u00e1s felt\u00e9telei:<\/strong>\n<ul>\n<li>Elm\u00e9leti vizsg\u00e1ra bocs\u00e1t\u00e1s felt\u00e9telei:\n<ul>\n<li>bet\u00f6lt\u00f6tt 24. \u00e9let\u00e9v\u00e9t bet\u00f6lt\u00f6tte,vagy ann\u00e1l legfeljebb 3 h\u00f3nappal fiatalabb A+24<\/li>\n<li>bet\u00f6lt\u00f6tt 20. \u00e9v vagy ann\u00e1l legfeljebb 3 h\u00f3nappal fiatalabb \u201eA\u201d 2 \u00e9ven t\u00fal A2vel<\/li>\n<li>az elm\u00e9leti tanfolyam elv\u00e9gz\u00e9se<\/li>\n<li>az elm\u00e9leti tanfolyam megkezd\u00e9se \u00f3ta eltelt id\u0151 kevesebb, mint 9 h\u00f3nap<\/li>\n<li>elm\u00e9leti vizsgad\u00edj befizet\u00e9se<\/li>\n<li>kit\u00f6lt\u00f6tt jelentkez\u00e9si lap<\/li>\n<li>a jelentkez\u0151 \u00edrni, olvasni tud, \u00e9s az alapfok\u00fa iskolai v\u00e9gzetts\u00e9gr\u0151l nyilatkozik<\/li>\n<li>\u00e9rv\u00e9nyes orvosi alkalmass\u00e1gi igazol\u00e1s<\/li>\n<li>vizsgad\u00edj befizet\u00e9se<\/li>\n<\/ul>\n<\/li>\n<\/ul>\n<\/li>\n<\/ul>\n<p>K\u00fclf\u00f6ldi bizony\u00edtv\u00e1nyok \u00e9s oklevelek eset\u00e9n az eredeti okm\u00e1nnyal \u00e9s annak hiteles ford\u00edt\u00e1s\u00e1val, kiv\u00e9ve, ha az oklev\u00e9l vagy bizony\u00edtv\u00e1ny adott tartalm\u00e1ban \u00e9s form\u00e1j\u00e1ban szerepel a K\u00f6zleked\u00e9si hat\u00f3s\u00e1g \u00e1ltal l\u00e9trehozott \u201eBizony\u00edtv\u00e1ny \u00e9s oklev\u00e9l mintat\u00e1r\u201d-ban<\/p>\n<ul>\n<li style=\"list-style-type: none;\">\n<ul>\n<li style=\"list-style-type: none;\">\n<ul>\n<li>\u00e9rv\u00e9nyes orvosi alkalmass\u00e1gi igazol\u00e1s<\/li>\n<li>vizsgad\u00edj befizet\u00e9se<\/li>\n<\/ul>\n<\/li>\n<\/ul>\n<\/li>\n<\/ul>\n<p>A tanfolyam megkezd\u00e9s\u00e9t\u0151l sz\u00e1m\u00edtott 12 h\u00f3napon bel\u00fcl sikeres elm\u00e9leti vizsg\u00e1t kell tenni. Ezen a hat\u00e1rid\u0151n t\u00fal a tanul\u00f3 elm\u00e9leti vizsg\u00e1ra kiz\u00e1r\u00f3lag a tanfolyam megism\u00e9tl\u00e9s\u00e9t k\u00f6vet\u0151en letett sikeres elm\u00e9leti vizsga ut\u00e1n jelenthet\u0151.<\/p>\n<p>A sikeres k\u00f6zleked\u00e9si alapismeretek vizsga 2 \u00e9vig \u00e9rv\u00e9nyes. Amennyiben a vizsg\u00e1z\u00f3 ez id\u0151 alatt a vizsg\u00e1kat sikeresen nem fejezi be, minden sikeres vizsg\u00e1ja \u00e9rv\u00e9ny\u00e9t veszti.<\/p>\n<ul>\n<li>Gyakorlati vizsg\u00e1ra bocs\u00e1t\u00e1s felt\u00e9telei:\n<ul>\n<li>bet\u00f6lt\u00f6tt 24. \u00e9ves \u00e9letkor A+24<\/li>\n<li>bet\u00f6lt\u00f6tt 24. \u00e9ves kor A (2 \u00e9ven bel\u00fcl A1-el vagy A2-vel)<\/li>\n<li>bet\u00f6lt\u00f6tt 21. \u00e9ves kor A (2 \u00e9ven t\u00fal A2vel)<\/li>\n<li>a k\u00f6telez\u0151 \u00f3rasz\u00e1m levezet\u00e9se, \u00e9s az el\u0151\u00edrt menett\u00e1vols\u00e1g teljes\u00edt\u00e9se<\/li>\n<li>kit\u00f6lt\u00f6tt jelentkez\u00e9si lap<\/li>\n<li>gyakorlati vizsgad\u00edj befizet\u00e9se<\/li>\n<\/ul>\n<\/li>\n<\/ul>\n<ul>\n<li><strong>A vizsgaigazol\u00e1s kiad\u00e1s\u00e1nak a felt\u00e9telei:<\/strong><\/li>\n<li>Ha valamennyi vizsg\u00e1j\u00e1t sikeresen letette, a vizsgaigazol\u00e1st a K\u00f6zleked\u00e9si Alkalmass\u00e1gi \u00e9s Vizsgak\u00f6zpont Nonprofit Kft az utols\u00f3 vizsg\u00e1t k\u00f6vet\u0151en elektronikusan az Okm\u00e1nyiroda fel\u00e9 \u00e1tk\u00fcldi.<\/li>\n<li>A\u00a0jogos\u00edtv\u00e1ny ki\u00e1ll\u00edt\u00e1s\u00e1nak felt\u00e9tele:<\/li>\n<\/ul>\n<p>sikeres els\u0151seg\u00e9ly ny\u00fajt\u00e1si vizsga igazol\u00e1sa a Magyar V\u00f6r\u00f6skereszt \u00e1ltal ki\u00e1ll\u00edtott els\u0151seg\u00e9ly ny\u00fajt\u00e1si ismeretek tant\u00e1rgyb\u00f3l. Ig\u00e9ny eset\u00e9n a k\u00e9pz\u0151szerv az els\u0151seg\u00e9ly ny\u00fajt\u00e1si ismeretek tanfolyamot megszervezi. Ennek elv\u00e9gz\u00e9se al\u00f3li mentess\u00e9g a 31\/1992.(XII.19.) NM rendelet alapj\u00e1n k\u00e9rhet\u0151 a megfelel\u0151 eg\u00e9szs\u00e9g\u00fcgyi v\u00e9gzetts\u00e9g igazol\u00e1s\u00e1val.<\/p>\n<ol start=\"4\">\n<li><strong><u>A tanfolyam tant\u00e1rgyai \u00e9s k\u00f6telez\u0151en el\u0151\u00edrt \u00f3rasz\u00e1mai \u00e9s k\u00f6telez\u0151 menett\u00e1vols\u00e1g<\/u><\/strong><\/li>\n<\/ol>\n<ul>\n<li><strong>Elm\u00e9leti tant\u00e1rgyak \u00e9s \u00f3rasz\u00e1mok<\/strong>\u00a0 \u00a0 \u00a0 \u00a0 \u00a0 \u00a0<strong>A+24 \u00a0 \u00a0 A1\u00e9s 2+ \u00a0 \u00a0A1\u00e9s 2- \u00a0 \u00a0A2\u00e9s 2+<\/strong>\n<ul>\n<li>K\u00f6zleked\u00e9si alapismeretek \u00a0 \u00a0 \u00a0 \u00a0 \u00a0 \u00a0 \u00a0 \u00a0 \u00a0 \u00a0 10 \u00f3ra \u00a0 \u00a0\u00a0 \u00a0 \u00a01 \u00a0 \u00a0 \u00a0 \u00a0 \u00a0 \u00a0 \u00a0\u2013 \u00a0 \u00a0 \u00a0 \u00a0 \u00a0 \u00a0 \u00a01<\/li>\n<li>J\u00e1rm\u0171vezet\u00e9s elm\u00e9lete \u00a0 \u00a0 \u00a0 \u00a0 \u00a0 \u00a0 \u00a0 \u00a0 \u00a0 \u00a0 \u00a0 \u00a0 \u00a0 \u00a04 \u00f3ra \u00a0 \u00a0 \u00a0 \u00a0 \u00a0 1 \u00a0 \u00a0 \u00a0 \u00a0 \u00a0 \u00a0 \u00a0\u2013 \u00a0 \u00a0 \u00a0 \u00a0 \u00a0 \u00a0 \u00a01<\/li>\n<li>Szerkezeti \u00e9s \u00fczemeltet\u00e9si ismeretek \u00a0 \u00a0 \u00a04 \u00f3ra \u00a0 \u00a0 \u00a0 \u00a0\u00a01 \u00a0 \u00a0 \u00a0 \u00a0 \u00a0 \u00a0 \u00a0\u2013 \u00a0 \u00a0 \u00a0 \u00a0 \u00a0 \u00a0 \u00a01<\/li>\n<li>\u00a0Szabad keret 4 \u00f3ra \u2013 \u2013 \u2013<\/li>\n<\/ul>\n<\/li>\n<\/ul>\n<p>Az elm\u00e9leti tan\u00f3r\u00e1k id\u0151tartama 45 perc\/tan\u00f3ra. Egy alkalom elm\u00e9leti oktat\u00e1s 4 x 45 perc,<br \/>\nazaz 4 tan\u00f3ra.<\/p>\n<p>E-learning oktat\u00e1s eset\u00e9n max 60 \u00f3ra\/90 nap<\/p>\n<ul>\n<li><strong>Gyakorlati k\u00e9pz\u00e9s:<\/strong>\n<ul>\n<li>K\u00f6telez\u0151 \u00f3rasz\u00e1m:\u00a0<strong>A<\/strong>\u00a0alapoktat\u00e1s: 10 \u00f3ra( 500 perc), v\u00e1rosi forgalom: 11 \u00f3ra (550 perc), orsz\u00e1g\u00fati forgalom: 5 \u00f3ra (250 perc),\u00a0<strong>\u00f6sszesen:<\/strong>\u00a026 \u00f3ra( 1300 perc) menett\u00e1vols\u00e1g: 390 Km<\/li>\n<\/ul>\n<\/li>\n<\/ul>\n<p><strong>A<\/strong>(<strong>A1\u00e9s 2+<\/strong>) alapoktat\u00e1s: 4 \u00f3ra(200 perc), v\u00e1rosi forgalom: 4 \u00f3ra (200 perc), orsz\u00e1g\u00fati forgalom: 2 \u00f3ra (100 perc), \u00f6sszesen: 10 \u00f3ra(500 perc) menett\u00e1vols\u00e1g: 240 km<\/p>\n<p><strong>A(A1 \u00e9s 2-)\u00a0<\/strong>alapoktat\u00e1s: 6 \u00f3ra(300 perc), v\u00e1rosi forgalom: 8 \u00f3ra(400 perc), orsz\u00e1g\u00fati forgalom: 2 \u00f3ra (100 perc), \u00f6sszesen: 16 \u00f3ra(800 perc) menett\u00e1vols\u00e1g: 150 km<\/p>\n<p><strong>A(A2 \u00e9s 2+)\u00a0<\/strong>alapoktat\u00e1s: 2 \u00f3ra(100 perc), v\u00e1rosi forgalom: 4 \u00f3ra(200 perc), orsz\u00e1g\u00fati forgalom: 2 \u00f3ra(100 perc), \u00f6sszesen: 8 \u00f3ra(400 perc) menett\u00e1vols\u00e1g: 120 km<\/p>\n<p>A gyakorlati oktat\u00e1s a sikeres elm\u00e9leti vizsg\u00e1t k\u00f6vet\u0151en kezdhet\u0151 meg. A gyakorlati \u00f3r\u00e1k id\u0151pontj\u00e1t a szakoktat\u00f3val lehet egyeztetni. A gyakorlati \u00f3r\u00e1k id\u0151tartama 50 perc.<\/p>\n<ol start=\"5\">\n<li><strong> <u>J\u00e1rm\u0171haszn\u00e1lat:\u00a0<\/u><\/strong>Kawasaki 650 N<br \/>\n<u><\/u><\/li>\n<li><strong> <u>A hi\u00e1nyz\u00e1s p\u00f3tl\u00e1s\u00e1nak m\u00f3dja:<\/u><\/strong>\u00a0A gyakorlati oktat\u00e1sn\u00e1l az esetleg elk\u00e9s\u0151 oktat\u00f3ra a tanul\u00f3nak min. 20 percet kell v\u00e1rni, az oktat\u00f3 miatt elmaradt vezet\u00e9si \u00f3r\u00e1t k\u00e9s\u0151bbi id\u0151pontban plusz \u00f3rad\u00edj fizet\u00e9se n\u00e9lk\u00fcl p\u00f3tolni kell. A tanul\u00f3 akad\u00e1lyoztat\u00e1sa eset\u00e9n az al\u00e1bbiak szerint mondhatja le a megbesz\u00e9lt gyakorlati oktat\u00e1si tan\u00f3r\u00e1t:<br \/>\n\u2013 a tan\u00f3ra kezdete el\u0151tt min 24 \u00f3r\u00e1val fizet\u00e9si k\u00f6telezetts\u00e9g n\u00e9lk\u00fcl<br \/>\n\u2013 amennyiben a tanul\u00f3 el\u0151zetes bejelent\u00e9s n\u00e9lk\u00fcl nem jelenik meg a megbesz\u00e9lt foglalkoz\u00e1son, akkor az \u00edgy ig\u00e9nybe nem vett \u00f3r\u00e1(k)\u00e9rt a teljes \u00f3rad\u00edjat \u2013 de legfeljebb 2 \u00f3ra &#8211; \u00a0k\u00f6teles fizetni<br \/>\nAz elmaradt gyakorlati vezet\u00e9si \u00f3r\u00e1t p\u00f3tolnia kell. Az elm\u00e9leti el\u0151ad\u00e1sok p\u00f3tl\u00e1sa ingyenes b\u00e1rmely p\u00e1rhuzamosan fut\u00f3, vagy soron k\u00f6vetkez\u0151, azonos kateg\u00f3ri\u00e1j\u00fa tanfolyamban.<\/li>\n<li><strong><u>Tand\u00edjak, vizsgad\u00edjak, fizet\u00e9si m\u00f3dok\u00a0<\/u><\/strong>\u2013 N\u00e9zd, az \u201c\u00c1rak\u201d men\u00fcpontban.<\/li>\n<\/ol>\n<p><strong>Fizet\u00e9si m\u00f3dok, r\u00e9szletfizet\u00e9s<\/strong><\/p>\n<p>\u2013 k\u00e9szp\u00e9nzben az irod\u00e1ban \u00fcgyint\u00e9z\u00e9si id\u0151 alatt<\/p>\n<p>\u2013 \u00e1tutal\u00e1ssal sz\u00e1mlasz\u00e1mra<\/p>\n<p>\u2013 s\u00e1rga postai postai csekken<\/p>\n<p>\u2013 forgalmi vizsgad\u00edj szem\u00e9lyesen a KAV p\u00e9nzt\u00e1r\u00e1ban is befizethet\u0151<\/p>\n<p>A befizet\u00e9sekr\u0151l az igazol\u00e1st a gyakorlati oktat\u00f3knak be kell mutatni.<\/p>\n<p><strong><u>A szakoktat\u00f3k k\u00e9szp\u00e9nzt nem vehetnek \u00e1t<\/u><\/strong>.<\/p>\n<p>R\u00e9szletfizet\u00e9sre lehet\u0151s\u00e9get biztos\u00edtunk. A k\u00e9pz\u00e9s d\u00edja \u00e9s az esetleges r\u00e9szletfizet\u00e9s \u00fctemez\u00e9se a szerz\u0151d\u00e9sben ker\u00fcl r\u00f6gz\u00edt\u00e9sre. Az \u00e1rv\u00e1ltoztat\u00e1s jog\u00e1t fenntartjuk.<\/p>\n<ol start=\"8\">\n<li><strong><u>Az egyes tant\u00e1rgyak hallgat\u00e1sa \u00e9s vizsg\u00e1ja al\u00f3li mentes\u00edt\u00e9s felt\u00e9telei<\/u><\/strong>: A 24\/2005.(IV.21.) GKM rendeletben foglaltak szerint<\/li>\n<li><strong><u>A tanul\u00f3 \u00e1thelyez\u00e9s \u00e9s a teljes\u00edtett oktat\u00e1sr\u00f3l sz\u00f3l\u00f3 igazol\u00e1s kiad\u00e1s\u00e1nak m\u00f3dja<\/u><\/strong>, a tanul\u00f3 \u00e1thelyez\u00e9s k\u00f6vetkezm\u00e9nyei: A tanul\u00f3 k\u00e9r\u00e9s\u00e9re az iskolavezet\u0151 k\u00f6teles ki\u00e1ll\u00edtani a \u201eK\u00e9pz\u00e9si igazol\u00e1s\u201d-t 3 p\u00e9ld\u00e1nyban, \u00e9s annak 2 p\u00e9ld\u00e1ny\u00e1t \u00e1tadni a tanul\u00f3nak 3 munkanapon bel\u00fcl. A befizetett, de le nem vezetett \u00f3r\u00e1k d\u00edj\u00e1t a k\u00e9pz\u0151szerv az igazol\u00e1s kiad\u00e1s\u00e1val egyidej\u0171leg k\u00e9szp\u00e9nzben visszafizeti.<\/li>\n<li><strong>10<\/strong><strong>.<u>Oktat\u00e1si helysz\u00ednek:<\/u><\/strong><br \/>\nElm\u00e9let: 3876 Hidasn\u00e9meti, Szabads\u00e1g \u00fat 2.<br \/>\nE-learning v\u00e1laszt\u00e1sakor ig\u00e9ny eset\u00e9n a konzult\u00e1ci\u00f3 helye: 3876 Hidasn\u00e9meti, Szabads\u00e1g \u00fat 2.<\/li>\n<\/ol>\n<p>Gyakorlat: \u00a0S\u00e1toralja\u00fajhely, Miskolc (a tanul\u00f3 v\u00e1laszt\u00e1sa szerint)<\/p>\n<ol start=\"11\">\n<li><strong><u> P\u00f3t\u00f3r\u00e1k ig\u00e9nyl\u00e9s\u00e9nek m\u00f3dja, d\u00edjai:<\/u><\/strong>A gyakorlati oktat\u00f3 tehet javaslatot a tov\u00e1bbi gyakorlati \u00f3r\u00e1k mennyis\u00e9g\u00e9re, ill ezt a\u00a0tanul\u00f3 ig\u00e9nyelheti.<br \/>\n<u><\/u><\/li>\n<li><strong><u>Az enged\u00e9lyez\u0151 hat\u00f3s\u00e1g megnevez\u00e9se, c\u00edme, telefonsz\u00e1ma<\/u><\/strong><\/li>\n<\/ol>\n<p><strong>KAV K\u00f6zleked\u00e9si Alkalmass\u00e1gi \u00e9s Vizgak\u00f6zpont<\/strong><\/p>\n<p>3527 Miskolc, J\u00f3zsef Attila utca 20.<\/p>\n<ul>\n<li>\u00dcgyf\u00e9lfogad\u00e1s telefon: +36-30-268-3445 \/\/\u00a0+36-30-268-0547<\/li>\n<li>E-mail: borsod@kavk.hu<\/li>\n<\/ul>\n<p><strong>\u00c9P\u00cdT\u00c9SI \u00c9S K\u00d6ZLEKED\u00c9SI\u00a0MINISZT\u00c9RIUM<\/strong><br \/>\n1054 Budapest, Alkotm\u00e1ny utca 5.<br \/>\n1358 Budapest, Pf. 14.<br \/>\n<a href=\"mailto:info@ekm.gov.hu\"><strong>info@ekm.gov.hu<\/strong><\/a><\/p>\n<p><a href=\"https:\/\/kormany.hu\/epitesi-es-kozlekedesi-miniszterium\"><strong>https:\/\/kormany.hu\/epitesi-es-kozlekedesi-miniszterium<\/strong><\/a><\/p>\n<ol start=\"13\">\n<li><strong><u>A vizsg\u00e1z\u00f3 jogai \u00e9s k\u00f6telezetts\u00e9gei<\/u><\/strong><\/li>\n<\/ol>\n<ul>\n<li>A vizsga hely\u00e9r\u0151l \u00e9s id\u0151pontj\u00e1r\u00f3l a\u00a0vizsga el\u0151tt legal\u00e1bb 5 nappal \u00e9rtes\u00edtj\u00fck<\/li>\n<li>a vizsg\u00e1z\u00f3nak a vizsga helysz\u00edn\u00e9n a sz\u00e1m\u00e1ra ki\u00edrt id\u0151pontban a j\u00e1rm\u0171vezet\u00e9shez megfelel\u0151 \u00f6lt\u00f6zetben, \u00e9s \u00e1llapotban meg kell jelenni, az elm\u00e9leti vizsg\u00e1n pedig h\u00e9tk\u00f6znapi (casual) viseletben.<\/li>\n<li>a vizsg\u00e1z\u00f3nak szem\u00e9lyazonoss\u00e1g\u00e1t \u00e9rv\u00e9nyes szem\u00e9lyi igazolv\u00e1nnyal, lakc\u00edmk\u00e1rty\u00e1val vagy a szem\u00e9lyazonos\u00edt\u00e1sra szolg\u00e1l\u00f3 egy\u00e9b \u00e9rv\u00e9nyes okm\u00e1nnyal (\u00fatlev\u00e9llel) igazolnia kell<\/li>\n<li>a hivatalos vizsgaeredm\u00e9ny a vizsgajegyz\u0151k\u00f6nyv\u00f6n szerepel, amelynek tudom\u00e1sulv\u00e9tel\u00e9t a vizsg\u00e1z\u00f3 al\u00e1\u00edr\u00e1s\u00e1val igazolja<\/li>\n<li>a vizsg\u00e1n meg nem jelen\u00e9s, illetve k\u00e9s\u00e9s vagy sikertelen vizsga eset\u00e9n \u00fajabb vizsga csak a vizsgad\u00edj ism\u00e9telt befizet\u00e9se eset\u00e9n tehet\u0151, kiv\u00e9ve, ha a vizsg\u00e1z\u00f3 t\u00e1volmarad\u00e1s\u00e1t legk\u00e9s\u0151bb a vizsga napj\u00e1t megel\u0151z\u0151 6. napon a Fel\u00fcgyel\u0151s\u00e9gnek szem\u00e9lyesen vagy \u00edr\u00e1sban bejelenti, vagy orvosi igazol\u00e1ssal indokolja a betegs\u00e9g megsz\u0171n\u00e9s\u00e9t k\u00f6vet\u0151 8 napon bel\u00fcl a Fel\u00fcgyel\u0151s\u00e9g fel\u00e9.<\/li>\n<li>a vizsg\u00e1z\u00f3 a szem\u00e9lyi adataiban t\u00f6rt\u00e9nt v\u00e1ltoz\u00e1st 8 napon bel\u00fcl k\u00f6teles bejelenteni.<\/li>\n<li>amennyiben az orvos vizsg\u00e1lata sor\u00e1n korl\u00e1toz\u00e1st \u00edr el\u0151 (szem\u00fcveg vagy kontaktlencse), a tanul\u00f3 k\u00f6teles mind a gyakorlati vezet\u00e9s, mind a vizsg\u00e1k sor\u00e1n tartal\u00e9k szem\u00fcveget vagy kontaktlencs\u00e9t mag\u00e1val hordani. Amennyiben a szem\u00fcveg vagy kontaktlencse hi\u00e1nya miatt a vizsga nem tarthat\u00f3 meg, az anyagi felel\u0151ss\u00e9g a vizsg\u00e1z\u00f3t terheli.<\/li>\n<li>amennyiben a vizsg\u00e1z\u00f3 m\u00e1r rendelkezik \u00e9rv\u00e9nyes vezet\u0151i enged\u00e9llyel vagy vizsgaigazol\u00e1ssal, a vizsg\u00e1k alkalm\u00e1val azt k\u00f6teles a vizsgabiztosnak bemutatni.<\/li>\n<li>az els\u0151 elm\u00e9leti vizsg\u00e1n az alapfok\u00fa iskolai v\u00e9gzetts\u00e9get hiteles okm\u00e1ny, bizony\u00edtv\u00e1ny bemutat\u00e1s\u00e1val igazolni kell.<\/li>\n<li>a\u00a0tanul\u00f3nak joga van a\u00a0k\u00e9pz\u00e9s b\u00e1rmely szakasz\u00e1ban m\u00e1sik k\u00e9pz\u0151szervhez \u00e1tjelentkezni<\/li>\n<\/ul>\n<ol start=\"14\">\n<li><strong><u>Vizsgad\u00edjak \u00e9s azok megfizet\u00e9s\u00e9nek m\u00f3dja: <\/u><\/strong>N\u00e9zd, az \u201c\u00c1rak\u201d men\u00fcpontban.<\/li>\n<\/ol>\n<p>A vizsgad\u00edjak befizet\u00e9se a vizsg\u00e1ra jelent\u00e9s el\u0151tt t\u00f6rt\u00e9nik k\u00e9szp\u00e9nzben, \u00e1tutal\u00e1ssal, vagy s\u00e1rga postai utalv\u00e1nyon az aut\u00f3siskola fel\u00e9. Az els\u0151 elm\u00e9leti vizsgad\u00edj befizet\u00e9se az aut\u00f3siskol\u00e1n\u00e1l t\u00f6rt\u00e9nik. Sikertelen elm\u00e9leti vizsga eset\u00e9n vizsgad\u00edj befizet\u00e9se t\u00f6rt\u00e9nhet a KAV p\u00e9nzt\u00e1r\u00e1n\u00e1l bankk\u00e1rty\u00e1val t\u00f6rt\u00e9n\u0151 fizet\u00e9ssel, vagy az aut\u00f3siskol\u00e1n\u00e1l k\u00e9szp\u00e9nzben. Gyakorlati vizsgad\u00edj fizet\u00e9se (alap- \u00e9s p\u00f3tvizsga is) az aut\u00f3siskol\u00e1n\u00e1l t\u00f6rt\u00e9nhet, k\u00e9szp\u00e9nzben, banki \u00e1tutal\u00e1ssal, vagy s\u00e1rga postai utalv\u00e1nyon.<br \/>\n<strong><u><br \/>\n<\/u>15.<u>\u00a0A vezet\u0151i enged\u00e9ly kiad\u00e1s\u00e1val kapcsolatos, jogszab\u00e1lyban meghat\u00e1rozott fontosabb el\u0151\u00edr\u00e1sok<\/u><\/strong><\/p>\n<p>Ezt az \u00edr\u00e1sos t\u00e1j\u00e9koztat\u00f3t, mely a k\u00e9pz\u0151 szerv v\u00e1llalkoz\u00e1si felt\u00e9teleit tartalmazza, a k\u00e9pz\u0151 szerv k\u00e9sz\u00edti el \u00e9s v\u00e9gzi a sz\u00fcks\u00e9ges m\u00f3dos\u00edt\u00e1sokat, aktualiz\u00e1l\u00e1sokat a 24\/2005.(IV.21) GKM rendelet 2.sz. mell\u00e9klet szab\u00e1lyoz\u00e1sa szerint .<br \/>\nAz \u00edr\u00e1sos t\u00e1j\u00e9koztat\u00f3 egy p\u00e9ld\u00e1ny\u00e1t a k\u00e9pz\u0151 szerv a tanfolyamra t\u00f6rt\u00e9n\u0151 jelentkez\u00e9ssel egyidej\u0171leg a jelentkez\u0151nek \u00e1tadja, \u00e9s a tanfolyamra jelentkez\u0151k kell\u0151 t\u00e1j\u00e9koztat\u00e1sa \u00e9rdek\u00e9ben az \u00fcgyf\u00e9lfogad\u00e1sra szolg\u00e1l\u00f3 helyis\u00e9gben j\u00f3l l\u00e1that\u00f3 helyen ki is f\u00fcggeszti, valamint az \u00edr\u00e1sos t\u00e1j\u00e9koztat\u00f3ban megjel\u00f6lt honlapj\u00e1n k\u00f6zz\u00e9teszi \u00e9s folyamatosan aktualiz\u00e1lja.<br \/>\nA k\u00e9pz\u0151 szervet n\u00e9pszer\u0171s\u00edt\u0151 felh\u00edv\u00e1sokban k\u00f6zz\u00e9tett adatokt\u00f3l az \u00edr\u00e1sos t\u00e1j\u00e9koztat\u00f3 adataiban elt\u00e9r\u00e9s nem mutatkozhat.<\/p>\n<p>Hidasn\u00e9meti, 2025.04.01.<\/p>\n<p>B\u00e1rczi L\u00e1szl\u00f3 -iskolavezet\u0151 \u00a0 \u00a0 \u00a0 \u00a0 \u00a0 \u00a0 \u00a0 \u00a0 \u00a0 \u00a0 \u00a0 \u00a0 \u00a0 \u00a0 \u00a0 \u00a0 \u00a0 \u00a0 \u00a0 \u00a0 \u00a0 \u00a0 \u00a0 \u00a0 \u00a0 \u00a0 \u00a0 \u00a0 \u00a0 \u00a0 \u00a0 \u00a0 \u00a0 \u00a0 \u00a0B\u00e1rczi L\u00e1szl\u00f3n\u00e9 \u00a0&#8211; \u00fcgyvezet\u0151<\/p>\n","protected":false},"excerpt":{"rendered":"<p>Tanul\u00f3i t\u00e1j\u00e9koztat\u00f3 A \u201eA\u201d kateg\u00f3ri\u00e1s elm\u00e9leti \u00e9s gyakorlati k\u00e9pz\u00e9s v\u00e1llal\u00e1si felt\u00e9telei A k\u00e9pz\u0151 szerv adatai: Megnevez\u00e9s (fant\u00e1zian\u00e9v): B\u00e1rczi Aut\u00f3siskola K\u00e9pz\u00e9si eng.sz\u00e1ma: KE\/ST\/82\/A\/792\/1\/2016 Sz\u00e9khely: \u00a0 \u00a0 \u00a0 \u00a0 \u00a0 \u00a0 \u00a0 \u00a0 \u00a0 \u00a0 \u00a0 \u00a0 \u00a0 \u00a0 \u00a0\u00a0\u00a0\u00a0 \u00a0\u00a0\u00a0\u00a0\u00a0\u00a0\u00a0\u00a0 3876 Hidasn\u00e9meti, Szabads\u00e1g \u00fat 2. Honlap c\u00edm: \u00a0 \u00a0 \u00a0 \u00a0 [&hellip;]<\/p>\n","protected":false},"author":1,"featured_media":0,"parent":0,"menu_order":2,"comment_status":"closed","ping_status":"closed","template":"","meta":{"footnotes":""},"class_list":["post-263","page","type-page","status-publish","hentry"],"_links":{"self":[{"href":"https:\/\/barcziautosiskola.com\/index.php?rest_route=\/wp\/v2\/pages\/263","targetHints":{"allow":["GET"]}}],"collection":[{"href":"https:\/\/barcziautosiskola.com\/index.php?rest_route=\/wp\/v2\/pages"}],"about":[{"href":"https:\/\/barcziautosiskola.com\/index.php?rest_route=\/wp\/v2\/types\/page"}],"author":[{"embeddable":true,"href":"https:\/\/barcziautosiskola.com\/index.php?rest_route=\/wp\/v2\/users\/1"}],"replies":[{"embeddable":true,"href":"https:\/\/barcziautosiskola.com\/index.php?rest_route=%2Fwp%2Fv2%2Fcomments&post=263"}],"version-history":[{"count":27,"href":"https:\/\/barcziautosiskola.com\/index.php?rest_route=\/wp\/v2\/pages\/263\/revisions"}],"predecessor-version":[{"id":987,"href":"https:\/\/barcziautosiskola.com\/index.php?rest_route=\/wp\/v2\/pages\/263\/revisions\/987"}],"wp:attachment":[{"href":"https:\/\/barcziautosiskola.com\/index.php?rest_route=%2Fwp%2Fv2%2Fmedia&parent=263"}],"curies":[{"name":"wp","href":"https:\/\/api.w.org\/{rel}","templated":true}]}}