{"id":23,"date":"2016-01-21T10:33:20","date_gmt":"2016-01-21T10:33:20","guid":{"rendered":"http:\/\/barcziautosiskola.com\/?page_id=23"},"modified":"2024-04-21T18:10:27","modified_gmt":"2024-04-21T18:10:27","slug":"szemelygepkocsi-b","status":"publish","type":"page","link":"https:\/\/barcziautosiskola.com\/?page_id=23","title":{"rendered":"Szem\u00e9lyg\u00e9pkocsi (B)"},"content":{"rendered":"<p><img loading=\"lazy\" decoding=\"async\" class=\"alignright wp-image-447 \" src=\"http:\/\/barcziautosiskola.com\/wp-content\/uploads\/2016\/01\/20160318_181714-e1460313313831.jpg\" alt=\"20160318_181714\" width=\"486\" height=\"365\"><\/p>\n<p class=\"western\" lang=\"hu-HU\"><span style=\"font-family: 'Times New Roman', serif;\"><span style=\"font-size: medium;\"><span lang=\"sk-SK\"><b>B jogos\u00edtv\u00e1ny<\/b><\/span><\/span><\/span><span style=\"font-family: 'Times New Roman', serif;\"><span style=\"font-size: medium;\"><span lang=\"sk-SK\"> birtok\u00e1ban olyan, maximum 3500 kg-ot megengedett legnagyobb \u00f6sszt\u00f6meg\u0171 teher-, \u00e9s szem\u00e9lyg\u00e9pkocsit vezethet\u00fcnk, amelyben a vezet\u0151 \u00fcl\u00e9s\u00e9n k\u00edv\u00fcl maximum 8 \u00e1lland\u00f3 \u00fcl\u0151hely van.<\/span><\/span><\/span><\/p>\n<p class=\"western\" lang=\"hu-HU\"><a name=\"_GoBack\"><\/a> <span style=\"font-family: 'Times New Roman', serif;\"><span style=\"font-size: medium;\"><span lang=\"sk-SK\"><br \/>\nVezethet\u00fcnk tov\u00e1bb\u00e1<\/span><\/span><\/span><\/p>\n<ul>\n<li>\n<p class=\"western\" lang=\"hu-HU\"><span style=\"font-family: 'Times New Roman', serif;\"><span style=\"font-size: medium;\"><span lang=\"sk-SK\">olyan j\u00e1rm\u0171szerelv\u00e9nyt, mely ilyen g\u00e9pkocsib\u00f3l \u00e9s 750 kg megengedett legnagyobb \u00f6sszt\u00f6meget meg nem halad\u00f3 p\u00f3tkocsib\u00f3l \u00e1ll,<\/span><\/span><\/span><\/p>\n<\/li>\n<li>\n<p class=\"western\" lang=\"hu-HU\"><span style=\"font-family: 'Times New Roman', serif;\"><span style=\"font-size: medium;\"><span lang=\"sk-SK\">olyan j\u00e1rm\u0171szerelv\u00e9nyt, mely ilyen g\u00e9pkocsib\u00f3l \u00e9s neh\u00e9z p\u00f3tkocsib\u00f3l \u00e1ll, amennyiben a neh\u00e9z p\u00f3tkocsi megengedett legnagyobb \u00f6sszt\u00f6mege nem haladja meg a von\u00f3 g\u00e9pkocsi saj\u00e1t t\u00f6meg\u00e9t, \u00e9s az \u00f6sszekapcsolt j\u00e1rm\u0171vek megengedett legnagyobb egy\u00fcttes \u00f6sszt\u00f6mege sem haladja meg a 3500 kg-ot,<\/span><\/span><\/span><\/p>\n<\/li>\n<li>\n<p class=\"western\" lang=\"hu-HU\"><span style=\"font-family: 'Times New Roman', serif;\"><span style=\"font-size: medium;\"><span lang=\"sk-SK\"><b>mez\u0151gazdas\u00e1gi vontat\u00f3t<\/b><\/span><\/span><\/span><span style=\"font-family: 'Times New Roman', serif;\"><span style=\"font-size: medium;\"><span lang=\"sk-SK\"> (ak\u00e1r k\u00f6nny\u0171 p\u00f3tkocsival is),<\/span><\/span><\/span><\/p>\n<\/li>\n<li>\n<p class=\"western\" lang=\"hu-HU\"><span style=\"font-family: 'Times New Roman', serif;\"><span style=\"font-size: medium;\"><span lang=\"sk-SK\"><b>lass\u00fa j\u00e1rm\u0171vet<\/b><\/span><\/span><\/span><span style=\"font-family: 'Times New Roman', serif;\"><span style=\"font-size: medium;\"><span lang=\"sk-SK\"> (ak\u00e1r neh\u00e9z p\u00f3tkocsival is),<\/span><\/span><\/span><\/p>\n<\/li>\n<li>\n<p class=\"western\" lang=\"hu-HU\"><span style=\"font-family: 'Times New Roman', serif;\"><span style=\"font-size: medium;\"><span lang=\"sk-SK\">\u00e1llati er\u0151vel vontatott j\u00e1rm\u0171vet,<\/span><\/span><\/span><\/p>\n<\/li>\n<li>\n<p class=\"western\" lang=\"hu-HU\"><span style=\"font-family: 'Times New Roman', serif;\"><span style=\"font-size: medium;\"><span lang=\"sk-SK\"><b>seg\u00e9dmotoros ker\u00e9kp\u00e1rt<\/b><\/span><\/span><\/span><span style=\"font-family: 'Times New Roman', serif;\"><span style=\"font-size: medium;\"><span lang=\"sk-SK\"> (max. 50 cm3 henger\u0171rtartalom \u00e9s 40 km\/\u00f3r\u00e1s v\u00e9gsebess\u00e9g),<\/span><\/span><\/span><\/p>\n<\/li>\n<li>\n<p class=\"western\" lang=\"hu-HU\"><span style=\"font-family: 'Times New Roman', serif;\"><span style=\"font-size: medium;\"><span lang=\"sk-SK\"><b>quadot<\/b><\/span><\/span><\/span><span style=\"font-family: 'Times New Roman', serif;\"><span style=\"font-size: medium;\"><span lang=\"sk-SK\">,<\/span><\/span><\/span><\/p>\n<\/li>\n<li>\n<p class=\"western\" lang=\"hu-HU\"><span style=\"font-family: 'Times New Roman', serif;\"><span style=\"font-size: medium;\"><span lang=\"sk-SK\">\u00e9s <\/span><\/span><\/span><span style=\"font-family: 'Times New Roman', serif;\"><span style=\"font-size: medium;\"><span lang=\"sk-SK\"><b>moped<\/b><\/span><\/span><\/span><span style=\"font-family: 'Times New Roman', serif;\"><span style=\"font-size: medium;\"><span lang=\"sk-SK\"> aut\u00f3t.<\/span><\/span><\/span><\/p>\n<\/li>\n<\/ul>\n<p class=\"western\" lang=\"hu-HU\"><span style=\"font-family: 'Times New Roman', serif;\"><span style=\"font-size: medium;\"><span lang=\"sk-SK\"><b>Jogos\u00edtv\u00e1ny<\/b><\/span><\/span><\/span><span style=\"font-family: 'Times New Roman', serif;\"><span style=\"font-size: medium;\"><span lang=\"sk-SK\"> megszerz\u00e9s\u00e9nek felt\u00e9tele: bet\u00f6lt\u00f6tt 17. \u00e9let\u00e9v<\/span><\/span><\/span><\/p>\n<p class=\"western\" lang=\"hu-HU\"><span style=\"font-family: 'Times New Roman', serif;\"><span style=\"font-size: medium;\"><span lang=\"sk-SK\"><b>Beiskol\u00e1z\u00e1s felt\u00e9tele:<\/b><\/span><\/span><\/span><span style=\"font-family: 'Times New Roman', serif;\"><span style=\"font-size: medium;\"><span lang=\"sk-SK\"> 16 \u00e9v \u00e9s 6 h\u00f3nap \u00e9letkor<\/span><\/span><\/span><\/p>\n<p class=\"western\" lang=\"hu-HU\">\n","protected":false},"excerpt":{"rendered":"<p>B jogos\u00edtv\u00e1ny birtok\u00e1ban olyan, maximum 3500 kg-ot megengedett legnagyobb \u00f6sszt\u00f6meg\u0171 teher-, \u00e9s szem\u00e9lyg\u00e9pkocsit vezethet\u00fcnk, amelyben a vezet\u0151 \u00fcl\u00e9s\u00e9n k\u00edv\u00fcl maximum 8 \u00e1lland\u00f3 \u00fcl\u0151hely van. Vezethet\u00fcnk tov\u00e1bb\u00e1 olyan j\u00e1rm\u0171szerelv\u00e9nyt, mely ilyen g\u00e9pkocsib\u00f3l \u00e9s 750 kg megengedett legnagyobb \u00f6sszt\u00f6meget meg nem halad\u00f3 p\u00f3tkocsib\u00f3l \u00e1ll, olyan j\u00e1rm\u0171szerelv\u00e9nyt, mely ilyen g\u00e9pkocsib\u00f3l \u00e9s neh\u00e9z p\u00f3tkocsib\u00f3l [&hellip;]<\/p>\n","protected":false},"author":1,"featured_media":0,"parent":0,"menu_order":4,"comment_status":"closed","ping_status":"closed","template":"","meta":{"footnotes":""},"class_list":["post-23","page","type-page","status-publish","hentry"],"_links":{"self":[{"href":"https:\/\/barcziautosiskola.com\/index.php?rest_route=\/wp\/v2\/pages\/23","targetHints":{"allow":["GET"]}}],"collection":[{"href":"https:\/\/barcziautosiskola.com\/index.php?rest_route=\/wp\/v2\/pages"}],"about":[{"href":"https:\/\/barcziautosiskola.com\/index.php?rest_route=\/wp\/v2\/types\/page"}],"author":[{"embeddable":true,"href":"https:\/\/barcziautosiskola.com\/index.php?rest_route=\/wp\/v2\/users\/1"}],"replies":[{"embeddable":true,"href":"https:\/\/barcziautosiskola.com\/index.php?rest_route=%2Fwp%2Fv2%2Fcomments&post=23"}],"version-history":[{"count":6,"href":"https:\/\/barcziautosiskola.com\/index.php?rest_route=\/wp\/v2\/pages\/23\/revisions"}],"predecessor-version":[{"id":954,"href":"https:\/\/barcziautosiskola.com\/index.php?rest_route=\/wp\/v2\/pages\/23\/revisions\/954"}],"wp:attachment":[{"href":"https:\/\/barcziautosiskola.com\/index.php?rest_route=%2Fwp%2Fv2%2Fmedia&parent=23"}],"curies":[{"name":"wp","href":"https:\/\/api.w.org\/{rel}","templated":true}]}}