{"id":21,"date":"2016-01-21T10:32:23","date_gmt":"2016-01-21T10:32:23","guid":{"rendered":"http:\/\/barcziautosiskola.com\/?page_id=21"},"modified":"2024-04-21T18:02:32","modified_gmt":"2024-04-21T18:02:32","slug":"kategorias-kepzes","status":"publish","type":"page","link":"https:\/\/barcziautosiskola.com\/?page_id=21","title":{"rendered":"Kateg\u00f3ri\u00e1s k\u00e9pz\u00e9s"},"content":{"rendered":"<h4 style=\"text-align: center;\"><span style=\"color: #749968;\">Tanfolyamainkat, mind a kateg\u00f3ri\u00e1s, mind a szaktanfolyami k\u00e9pz\u00e9s ter\u00fclet\u00e9n folyamatosan szervezz\u00fck.<\/span><\/h4>\n<ul class=\"ul_trainings motorkerekpar\">\n<li>\n<h5><span style=\"color: #000000;\"><a href=\"http:\/\/barcziautosiskola.com\/?page_id=25\"><img loading=\"lazy\" decoding=\"async\" class=\"alignnone wp-image-7\" src=\"http:\/\/barcziautosiskola.com\/wp-content\/uploads\/2016\/01\/red-scooter-128.png\" alt=\"red-scooter-128\" width=\"45\" height=\"45\">&nbsp; &nbsp; &nbsp;&nbsp;Seg\u00e9dmotoros ker\u00e9kp\u00e1r (AM kateg\u00f3ria)<\/a><\/span><\/h5>\n<\/li>\n<li>\n<h5><span style=\"color: #000000;\"><a href=\"http:\/\/barcziautosiskola.com\/?page_id=27\"><img loading=\"lazy\" decoding=\"async\" class=\"alignnone wp-image-80\" src=\"http:\/\/barcziautosiskola.com\/wp-content\/uploads\/2016\/01\/red-motorcycle-2-128.png\" alt=\"red-motorcycle-2-128\" width=\"46\" height=\"46\">&nbsp; &nbsp; &nbsp;&nbsp;Motorker\u00e9kp\u00e1r teljes\u00edtm\u00e9ny-korl\u00e1toz\u00e1ssal (A2 kateg\u00f3ria)<\/a><\/span><\/h5>\n<\/li>\n<li>\n<h5><span style=\"color: #000000;\"><a href=\"http:\/\/barcziautosiskola.com\/?page_id=29\"><img loading=\"lazy\" decoding=\"async\" class=\"alignnone wp-image-6\" src=\"http:\/\/barcziautosiskola.com\/wp-content\/uploads\/2016\/01\/red-motorcycle-128.png\" alt=\"red-motorcycle-128\" width=\"45\" height=\"45\">&nbsp; &nbsp; &nbsp;&nbsp;Motorker\u00e9kp\u00e1r (A kateg\u00f3ria)<\/a><\/span><\/h5>\n<\/li>\n<li>\n<h5><span style=\"color: #000000;\"><a href=\"http:\/\/barcziautosiskola.com\/?page_id=23\"><img loading=\"lazy\" decoding=\"async\" class=\"alignnone wp-image-5\" src=\"http:\/\/barcziautosiskola.com\/wp-content\/uploads\/2016\/01\/red-car-128.png\" alt=\"red-car-128\" width=\"45\" height=\"45\">&nbsp; &nbsp; &nbsp;&nbsp;Szem\u00e9lyg\u00e9pkocsi (B kateg\u00f3ria)<\/a><\/span><\/h5>\n<\/li>\n<\/ul>\n","protected":false},"excerpt":{"rendered":"<p>Tanfolyamainkat, mind a kateg\u00f3ri\u00e1s, mind a szaktanfolyami k\u00e9pz\u00e9s ter\u00fclet\u00e9n folyamatosan szervezz\u00fck. &nbsp; &nbsp; &nbsp;&nbsp;Seg\u00e9dmotoros ker\u00e9kp\u00e1r (AM kateg\u00f3ria) &nbsp; &nbsp; &nbsp;&nbsp;Motorker\u00e9kp\u00e1r teljes\u00edtm\u00e9ny-korl\u00e1toz\u00e1ssal (A2 kateg\u00f3ria) &nbsp; &nbsp; &nbsp;&nbsp;Motorker\u00e9kp\u00e1r (A kateg\u00f3ria) &nbsp; &nbsp; &nbsp;&nbsp;Szem\u00e9lyg\u00e9pkocsi (B kateg\u00f3ria)<\/p>\n","protected":false},"author":1,"featured_media":0,"parent":0,"menu_order":0,"comment_status":"closed","ping_status":"closed","template":"","meta":{"footnotes":""},"class_list":["post-21","page","type-page","status-publish","hentry"],"_links":{"self":[{"href":"https:\/\/barcziautosiskola.com\/index.php?rest_route=\/wp\/v2\/pages\/21","targetHints":{"allow":["GET"]}}],"collection":[{"href":"https:\/\/barcziautosiskola.com\/index.php?rest_route=\/wp\/v2\/pages"}],"about":[{"href":"https:\/\/barcziautosiskola.com\/index.php?rest_route=\/wp\/v2\/types\/page"}],"author":[{"embeddable":true,"href":"https:\/\/barcziautosiskola.com\/index.php?rest_route=\/wp\/v2\/users\/1"}],"replies":[{"embeddable":true,"href":"https:\/\/barcziautosiskola.com\/index.php?rest_route=%2Fwp%2Fv2%2Fcomments&post=21"}],"version-history":[{"count":24,"href":"https:\/\/barcziautosiskola.com\/index.php?rest_route=\/wp\/v2\/pages\/21\/revisions"}],"predecessor-version":[{"id":935,"href":"https:\/\/barcziautosiskola.com\/index.php?rest_route=\/wp\/v2\/pages\/21\/revisions\/935"}],"wp:attachment":[{"href":"https:\/\/barcziautosiskola.com\/index.php?rest_route=%2Fwp%2Fv2%2Fmedia&parent=21"}],"curies":[{"name":"wp","href":"https:\/\/api.w.org\/{rel}","templated":true}]}}