{"id":13,"date":"2016-01-21T10:30:36","date_gmt":"2016-01-21T10:30:36","guid":{"rendered":"http:\/\/barcziautosiskola.com\/?page_id=13"},"modified":"2025-05-13T20:23:14","modified_gmt":"2025-05-13T20:23:14","slug":"arak","status":"publish","type":"page","link":"https:\/\/barcziautosiskola.com\/?page_id=13","title":{"rendered":"\u00c1rak"},"content":{"rendered":"<p><img loading=\"lazy\" decoding=\"async\" class=\"aligncenter size-full wp-image-979\" src=\"http:\/\/barcziautosiskola.com\/wp-content\/uploads\/2025\/05\/\u00c1rt\u00e1bl\u00e1zat-20250120-t\u00f3l-1.jpg\" alt=\"\" width=\"3000\" height=\"1852\" srcset=\"https:\/\/barcziautosiskola.com\/wp-content\/uploads\/2025\/05\/\u00c1rt\u00e1bl\u00e1zat-20250120-t\u00f3l-1.jpg 3000w, https:\/\/barcziautosiskola.com\/wp-content\/uploads\/2025\/05\/\u00c1rt\u00e1bl\u00e1zat-20250120-t\u00f3l-1-300x185.jpg 300w, https:\/\/barcziautosiskola.com\/wp-content\/uploads\/2025\/05\/\u00c1rt\u00e1bl\u00e1zat-20250120-t\u00f3l-1-768x474.jpg 768w, https:\/\/barcziautosiskola.com\/wp-content\/uploads\/2025\/05\/\u00c1rt\u00e1bl\u00e1zat-20250120-t\u00f3l-1-1024x632.jpg 1024w\" sizes=\"auto, (max-width: 3000px) 100vw, 3000px\" \/><\/p>\n<p><img loading=\"lazy\" decoding=\"async\" class=\"aligncenter size-full wp-image-981\" src=\"http:\/\/barcziautosiskola.com\/wp-content\/uploads\/2025\/05\/\u00c1rt\u00e1bl\u00e1zat-20250120-t\u00f3l-2.jpg\" alt=\"\" width=\"3004\" height=\"1856\" srcset=\"https:\/\/barcziautosiskola.com\/wp-content\/uploads\/2025\/05\/\u00c1rt\u00e1bl\u00e1zat-20250120-t\u00f3l-2.jpg 3004w, https:\/\/barcziautosiskola.com\/wp-content\/uploads\/2025\/05\/\u00c1rt\u00e1bl\u00e1zat-20250120-t\u00f3l-2-300x185.jpg 300w, https:\/\/barcziautosiskola.com\/wp-content\/uploads\/2025\/05\/\u00c1rt\u00e1bl\u00e1zat-20250120-t\u00f3l-2-768x475.jpg 768w, https:\/\/barcziautosiskola.com\/wp-content\/uploads\/2025\/05\/\u00c1rt\u00e1bl\u00e1zat-20250120-t\u00f3l-2-1024x633.jpg 1024w\" sizes=\"auto, (max-width: 3004px) 100vw, 3004px\" \/><\/p>\n<p><img loading=\"lazy\" decoding=\"async\" class=\"aligncenter size-full wp-image-982\" src=\"http:\/\/barcziautosiskola.com\/wp-content\/uploads\/2025\/05\/\u00c1rt\u00e1bl\u00e1zat-20250120-t\u00f3l-3.jpg\" alt=\"\" width=\"2932\" height=\"612\" srcset=\"https:\/\/barcziautosiskola.com\/wp-content\/uploads\/2025\/05\/\u00c1rt\u00e1bl\u00e1zat-20250120-t\u00f3l-3.jpg 2932w, https:\/\/barcziautosiskola.com\/wp-content\/uploads\/2025\/05\/\u00c1rt\u00e1bl\u00e1zat-20250120-t\u00f3l-3-300x63.jpg 300w, https:\/\/barcziautosiskola.com\/wp-content\/uploads\/2025\/05\/\u00c1rt\u00e1bl\u00e1zat-20250120-t\u00f3l-3-768x160.jpg 768w, https:\/\/barcziautosiskola.com\/wp-content\/uploads\/2025\/05\/\u00c1rt\u00e1bl\u00e1zat-20250120-t\u00f3l-3-1024x214.jpg 1024w\" sizes=\"auto, (max-width: 2932px) 100vw, 2932px\" \/><\/p>\n","protected":false},"excerpt":{"rendered":"","protected":false},"author":1,"featured_media":0,"parent":0,"menu_order":4,"comment_status":"closed","ping_status":"closed","template":"","meta":{"footnotes":""},"class_list":["post-13","page","type-page","status-publish","hentry"],"_links":{"self":[{"href":"https:\/\/barcziautosiskola.com\/index.php?rest_route=\/wp\/v2\/pages\/13","targetHints":{"allow":["GET"]}}],"collection":[{"href":"https:\/\/barcziautosiskola.com\/index.php?rest_route=\/wp\/v2\/pages"}],"about":[{"href":"https:\/\/barcziautosiskola.com\/index.php?rest_route=\/wp\/v2\/types\/page"}],"author":[{"embeddable":true,"href":"https:\/\/barcziautosiskola.com\/index.php?rest_route=\/wp\/v2\/users\/1"}],"replies":[{"embeddable":true,"href":"https:\/\/barcziautosiskola.com\/index.php?rest_route=%2Fwp%2Fv2%2Fcomments&post=13"}],"version-history":[{"count":75,"href":"https:\/\/barcziautosiskola.com\/index.php?rest_route=\/wp\/v2\/pages\/13\/revisions"}],"predecessor-version":[{"id":996,"href":"https:\/\/barcziautosiskola.com\/index.php?rest_route=\/wp\/v2\/pages\/13\/revisions\/996"}],"wp:attachment":[{"href":"https:\/\/barcziautosiskola.com\/index.php?rest_route=%2Fwp%2Fv2%2Fmedia&parent=13"}],"curies":[{"name":"wp","href":"https:\/\/api.w.org\/{rel}","templated":true}]}}